{"id":12966,"date":"2019-10-20T14:40:03","date_gmt":"2019-10-20T06:40:03","guid":{"rendered":"https:\/\/www.pamirlaw.com\/identificacion-y-evaluacion-de-socios-comerciales\/"},"modified":"2019-10-20T14:40:03","modified_gmt":"2019-10-20T06:40:03","slug":"identificacion-y-evaluacion-de-socios-comerciales","status":"publish","type":"page","link":"https:\/\/www.pamirlaw.com\/es\/identificacion-y-evaluacion-de-socios-comerciales\/","title":{"rendered":"Identificaci\u00f3n y Evaluaci\u00f3n de Socios Comerciales"},"content":{"rendered":"<blockquote><p>La identificaci\u00f3n y selecci\u00f3n de los socios comerciales correctos a menudo es fundamental para el \u00e9xito de su operaci\u00f3n, ya sea en casa o en el extranjero. Cada negocio tiene socios externos clave, ya sean inversionistas, objetivos de adquisici\u00f3n, proveedores de servicios, proveedores o distribuidores. Si estos socios no son confiables o profesionales o si no poseen la capacidad financiera\/pol\u00edtica\/\u00e9tica para llevar a cabo sus compromisos, la viabilidad de todo su negocio podr\u00eda estar en riesgo.<\/p><\/blockquote>\n<p>Entendemos que la redacci\u00f3n de un contrato es a menudo el \u00faltimo paso del proceso y, por lo tanto, nuestro objetivo es proporcionar una soluci\u00f3n completa, incluyendo:<\/p>\n<ul>\n<li>Desarrollar el perfil de socio ideal y la lista de criterios de evaluaci\u00f3n priorizados (tama\u00f1o, ubicaci\u00f3n geogr\u00e1fica, capacidades, experiencia previa, etc.)<\/li>\n<li>Desarrollar materiales acerca de su negocio, centrados en comunicar por qu\u00e9 su organizaci\u00f3n tambi\u00e9n ser\u00eda un socio atractivo<\/li>\n<li>Producir una \u201clista larga\u201d de socios potenciales (incluida una lista, as\u00ed como perfiles an\u00f3nimos o &#8220;teasers&#8221;)<\/li>\n<li>Determinar a cuales compa\u00f1\u00edas contactar, ya sea secuencialmente, consecutivamente o como una subasta.<\/li>\n<li>Producir un paquete de informaci\u00f3n adicional para los candidatos preseleccionados. Preparar y asegurar los acuerdos de confidencialidad de ambas partes antes del intercambio de informaci\u00f3n adicional, si es necesario.<\/li>\n<li>Contacto inicial a compa\u00f1\u00edas preseleccionadas para determinar su nivel de inter\u00e9s<\/li>\n<li>Reuniones exploratorias con compa\u00f1\u00edas que expresen intereses.<\/li>\n<li>Negociaci\u00f3n de t\u00e9rminos de la relaci\u00f3n.<\/li>\n<li>Documentaci\u00f3n del acuerdo (redacci\u00f3n de contratos).<\/li>\n<li>Soporte operativo posterior al acuerdo para el cliente y \/ o socio, si es necesario<\/li>\n<\/ul>\n<p>&nbsp;<\/p>\n","protected":false},"excerpt":{"rendered":"<p>Cada negocio tiene socios externos clave, ya sean inversionistas, objetivos de adquisici\u00f3n, proveedores de servicios, proveedores o distribuidores. Si estos socios no son confiables o profesionales o si no poseen la capacidad financiera\/pol\u00edtica\/\u00e9tica para llevar a cabo sus compromisos, la viabilidad de todo su negocio podr\u00eda estar en riesgo.<\/p>\n","protected":false},"author":2,"featured_media":0,"parent":0,"menu_order":0,"comment_status":"closed","ping_status":"closed","template":"","meta":{"_et_pb_use_builder":"","_et_pb_old_content":"","_et_gb_content_width":"","om_disable_all_campaigns":false,"_monsterinsights_skip_tracking":false,"_monsterinsights_sitenote_active":false,"_monsterinsights_sitenote_note":"","_monsterinsights_sitenote_category":0},"aioseo_notices":[],"_links":{"self":[{"href":"https:\/\/www.pamirlaw.com\/es\/wp-json\/wp\/v2\/pages\/12966"}],"collection":[{"href":"https:\/\/www.pamirlaw.com\/es\/wp-json\/wp\/v2\/pages"}],"about":[{"href":"https:\/\/www.pamirlaw.com\/es\/wp-json\/wp\/v2\/types\/page"}],"author":[{"embeddable":true,"href":"https:\/\/www.pamirlaw.com\/es\/wp-json\/wp\/v2\/users\/2"}],"replies":[{"embeddable":true,"href":"https:\/\/www.pamirlaw.com\/es\/wp-json\/wp\/v2\/comments?post=12966"}],"version-history":[{"count":0,"href":"https:\/\/www.pamirlaw.com\/es\/wp-json\/wp\/v2\/pages\/12966\/revisions"}],"wp:attachment":[{"href":"https:\/\/www.pamirlaw.com\/es\/wp-json\/wp\/v2\/media?parent=12966"}],"curies":[{"name":"wp","href":"https:\/\/api.w.org\/{rel}","templated":true}]}}