{"id":12967,"date":"2019-10-20T14:48:27","date_gmt":"2019-10-20T06:48:27","guid":{"rendered":"https:\/\/www.pamirlaw.com\/auditorias-legales\/"},"modified":"2020-10-29T12:10:28","modified_gmt":"2020-10-29T04:10:28","slug":"auditorias-legales","status":"publish","type":"page","link":"https:\/\/www.pamirlaw.com\/es\/auditorias-legales\/","title":{"rendered":"Auditorias Legales"},"content":{"rendered":"<blockquote><p>Nuestro equipo puede ayudar a su compa\u00f1\u00eda a dise\u00f1ar un proceso para realizar auditor\u00edas legales peri\u00f3dicas de su operaci\u00f3n en China o Taiwan, con el fin de identificar los riesgos potenciales antes que se manifiesten como problemas y responsabilidades reales. Esta es una necesidad com\u00fan para ejecutivos que han heredado recientemente una operaci\u00f3n en China\/Taiwan, o ejecutivos que desean garantizar el cumplimiento continuo de todas las leyes y regulaciones relevantes para fines de gesti\u00f3n de riesgos.<\/p><\/blockquote>\n<p>Ayudamos a nuestros clientes a desarrollar e implementar procesos y herramientas que proporcionen un registro sistem\u00e1tico e institucional de todos los documentos y aprobaciones necesarios para asegurar el cumplimiento de todas las leyes y regulaciones relevantes a su operaci\u00f3n. Estos pueden ser desarrollados para China\/Taiwan y luego para otras regiones seg\u00fan sea necesario. El objetivo es utilizar el personal de la empresa con gu\u00eda de nuestro equipo para reducir los costos al crear una evaluaci\u00f3n precisa y honesta de la situaci\u00f3n actual del negocio. Sobre la base de esta visi\u00f3n colectiva, se puede desarrollar un plan de acci\u00f3n detallado y se pueden priorizar las tareas.<\/p>\n<p>Nuestro equipo puede realizar una auditor\u00eda corporativa\/legal en diversos grados de intensidad, dependiendo de las necesidades de la empresa. Como m\u00ednimo, la auditor\u00eda examina las operaciones diarias de la empresa e incluye una revisi\u00f3n de los registros corporativos, los permisos y licencias necesarios para las operaciones comerciales existentes, el cumplimiento de la legislaci\u00f3n laboral y el cumplimiento de los t\u00e9rminos de los contratos existentescon proveedores y clientes.<\/p>\n<p>Una auditor\u00eda corporativa\/legal normalmente incluye una revisi\u00f3n de la documentaci\u00f3n relevante, as\u00ed como entrevistas con personal clave, con el objetivo de revisar si el papeleo coincide con las pr\u00e1cticas cotidianas reales. Al final de la auditor\u00eda, la compa\u00f1\u00eda recibir\u00e1 un informe de los resultados de la auditor\u00eda, as\u00ed como recomendaciones para mejoras.<\/p>\n<p>A menudo tambi\u00e9n recomendamos tomarse el tiempo para fortalecer y actualizar sus procedimientos operacionales uniformes existentes con regularidad para garantizar:<\/p>\n<ul>\n<li>Cumplimiento con las leyes y regulaciones aplicables\uff0c<\/li>\n<li>Transparencia y adhesi\u00f3n de todos los empleados a los procedimientos operacionales uniformes<\/li>\n<li>Chequeos y balances<\/li>\n<li>Adopci\u00f3n de mejores pr\u00e1cticas<\/li>\n<\/ul>\n<p>Recomendamos que todos los procedimientos operacionales uniformes existentes sean revisados, mejorados y actualizados peri\u00f3dicamente. El no hacer esto pone en riesgo las operaciones y el negocio de la compa\u00f1\u00eda. Un conjunto racional y personalizado de procedimientos operacionales uniformes que involucre al personal de la compa\u00f1\u00eda en todos los niveles es un ingrediente cr\u00edtico para la gesti\u00f3n responsable de una empresa en China. <\/p>\n","protected":false},"excerpt":{"rendered":"<p>Nuestro equipo puede ayudar a su compa\u00f1\u00eda a dise\u00f1ar un proceso para realizar auditor\u00edas legales peri\u00f3dicas de su operaci\u00f3n en China o Taiwan, con el fin de identificar los riesgos potenciales antes que se manifiesten como problemas y responsabilidades reales. Esta es una necesidad com\u00fan para ejecutivos que han heredado recientemente una operaci\u00f3n en China\/Taiwan, o ejecutivos que desean garantizar el cumplimiento continuo de todas las leyes y regulaciones relevantes para fines de gesti\u00f3n de riesgos.<\/p>\n","protected":false},"author":2,"featured_media":0,"parent":0,"menu_order":0,"comment_status":"closed","ping_status":"closed","template":"","meta":{"_et_pb_use_builder":"","_et_pb_old_content":"","_et_gb_content_width":"","om_disable_all_campaigns":false,"_monsterinsights_skip_tracking":false,"_monsterinsights_sitenote_active":false,"_monsterinsights_sitenote_note":"","_monsterinsights_sitenote_category":0},"aioseo_notices":[],"_links":{"self":[{"href":"https:\/\/www.pamirlaw.com\/es\/wp-json\/wp\/v2\/pages\/12967"}],"collection":[{"href":"https:\/\/www.pamirlaw.com\/es\/wp-json\/wp\/v2\/pages"}],"about":[{"href":"https:\/\/www.pamirlaw.com\/es\/wp-json\/wp\/v2\/types\/page"}],"author":[{"embeddable":true,"href":"https:\/\/www.pamirlaw.com\/es\/wp-json\/wp\/v2\/users\/2"}],"replies":[{"embeddable":true,"href":"https:\/\/www.pamirlaw.com\/es\/wp-json\/wp\/v2\/comments?post=12967"}],"version-history":[{"count":6,"href":"https:\/\/www.pamirlaw.com\/es\/wp-json\/wp\/v2\/pages\/12967\/revisions"}],"predecessor-version":[{"id":13370,"href":"https:\/\/www.pamirlaw.com\/es\/wp-json\/wp\/v2\/pages\/12967\/revisions\/13370"}],"wp:attachment":[{"href":"https:\/\/www.pamirlaw.com\/es\/wp-json\/wp\/v2\/media?parent=12967"}],"curies":[{"name":"wp","href":"https:\/\/api.w.org\/{rel}","templated":true}]}}