{"id":12969,"date":"2019-10-20T16:11:58","date_gmt":"2019-10-20T08:11:58","guid":{"rendered":"https:\/\/www.pamirlaw.com\/litigios\/"},"modified":"2020-10-29T12:05:16","modified_gmt":"2020-10-29T04:05:16","slug":"litigios","status":"publish","type":"page","link":"https:\/\/www.pamirlaw.com\/es\/litigios\/","title":{"rendered":"Litigios"},"content":{"rendered":"<blockquote><p><strong>Pamir Law Group, junto con abogados especialistas locales \u00a0y otros profesionales seg\u00fan lo requiera el caso, brinda asistencia a clientes con servicios de litigios comerciales en China y Taiwan. Esto puede incluir disputas de contratos comerciales, propiedad intelectual, embargo de activos, ejecuciones obligatorias, cobros, fraude inform\u00e1tico y asistencia local para litigios en el extranjero.<\/strong><\/p><\/blockquote>\n<p>Proveemos los siguientes servicios:<\/p>\n<h2>Litigios Contractuales Comerciales<\/h2>\n<p>Asistimos con planificaci\u00f3n estrat\u00e9gica, an\u00e1lisis de riesgos, as\u00ed como la gesti\u00f3n del litigio en todas sus instancias. Nuestro objetivo es siempre desarrollar la soluci\u00f3n m\u00e1s beneficiosa y eficiente para nuestros clientes. Esto puede incluir negociaciones de acuerdos, as\u00ed como la coordinaci\u00f3n con asesores locales en cualquier foro que sea apropiado.<\/p>\n<h2>Asistencia Local Para Litigios en el Extranjero<\/h2>\n<p>\u2022 Planificaci\u00f3n previa al litigio (incluyendo an\u00e1lisis ejecutabilidad de sentencias)<br \/>\n\u2022 Cartas rogatorias<br \/>\n\u2022 Notificaci\u00f3n de actos procesales<br \/>\n\u2022 Reconocimiento y ejecuci\u00f3n de sentencias extranjeras<br \/>\n\u2022 Opiniones legales<br \/>\n\u2022 Presentaci\u00f3n de documentos ante autoridades gubernamentales y tribunales correspondientes<br \/>\n\u2022 Representaci\u00f3n de clientes extranjeros en audiencias y juicios locales<\/p>\n<h2>Embargo de Activos<\/h2>\n<p>Dise\u00f1amos estrategias para congelar activos de la contraparte para responder por da\u00f1os causados a nuestros clientes, utilizando \u00f3rdenes de embargo previas al juicio, cuando sea permisible, para evitar la transferencia o disposici\u00f3n de activos o evidencia antes de la resoluci\u00f3n final de la disputa.<\/p>\n<h2>Arbitraje, Mediaci\u00f3n y Resoluci\u00f3n Alternativa de Conflictos<\/h2>\n<p>Desarrollamos estrategias oportunas para las negociaciones y la selecci\u00f3n del tribunal, y representamos a nuestros clientes en las audiencias para lograr laudos o acuerdos favorables.<\/p>\n<h2>Ejecuci\u00f3n Obligatoria<\/h2>\n<p>Ayudamos a ejecutar embargos y garant\u00edas, representamos a clientes en subastas de activos rematados por las autoridades, y proporcionamos opiniones legales sobre la adquisici\u00f3n de propiedades a trav\u00e9s de procedimientos de subasta\/remate.<\/p>\n<h2>Cobranza de Deudas<\/h2>\n<p>Dise\u00f1amos e implementamos programas de cobranza personalizados para manejar todos los aspectos de la cobranza de deudas, incluida la b\u00fasqueda de activos, embargos previos al juicio, demandas civiles, ejecuci\u00f3n de la sentencia y acciones penales.<\/p>\n<h2>Fraude Inform\u00e1tico<\/h2>\n<p>Presentamos cargos criminales y trabajamos con fiscales locales en nombre de clientes v\u00edctimas de transacciones comerciales fraudulentas (subastas en l\u00ednea, planes de manipulaci\u00f3n del mercado), robo de identidad, robo de secretos comerciales, pirater\u00eda y ataques DDoS.<\/p>\n","protected":false},"excerpt":{"rendered":"<p>Pamir Law Group, junto con abogados especialistas locales  y otros profesionales seg\u00fan lo requiera el caso, brinda asistencia a clientes con servicios de litigios comerciales en China y Taiwan. Esto puede incluir disputas de contratos comerciales, propiedad intelectual, embargo de activos, ejecuciones obligatorias, cobros, fraude inform\u00e1tico y asistencia local para litigios en el extranjero.<\/p>\n","protected":false},"author":2,"featured_media":0,"parent":0,"menu_order":0,"comment_status":"closed","ping_status":"closed","template":"","meta":{"_et_pb_use_builder":"","_et_pb_old_content":"","_et_gb_content_width":"","om_disable_all_campaigns":false,"_monsterinsights_skip_tracking":false,"_monsterinsights_sitenote_active":false,"_monsterinsights_sitenote_note":"","_monsterinsights_sitenote_category":0},"aioseo_notices":[],"_links":{"self":[{"href":"https:\/\/www.pamirlaw.com\/es\/wp-json\/wp\/v2\/pages\/12969"}],"collection":[{"href":"https:\/\/www.pamirlaw.com\/es\/wp-json\/wp\/v2\/pages"}],"about":[{"href":"https:\/\/www.pamirlaw.com\/es\/wp-json\/wp\/v2\/types\/page"}],"author":[{"embeddable":true,"href":"https:\/\/www.pamirlaw.com\/es\/wp-json\/wp\/v2\/users\/2"}],"replies":[{"embeddable":true,"href":"https:\/\/www.pamirlaw.com\/es\/wp-json\/wp\/v2\/comments?post=12969"}],"version-history":[{"count":3,"href":"https:\/\/www.pamirlaw.com\/es\/wp-json\/wp\/v2\/pages\/12969\/revisions"}],"predecessor-version":[{"id":13364,"href":"https:\/\/www.pamirlaw.com\/es\/wp-json\/wp\/v2\/pages\/12969\/revisions\/13364"}],"wp:attachment":[{"href":"https:\/\/www.pamirlaw.com\/es\/wp-json\/wp\/v2\/media?parent=12969"}],"curies":[{"name":"wp","href":"https:\/\/api.w.org\/{rel}","templated":true}]}}