{"id":12970,"date":"2019-10-20T16:14:55","date_gmt":"2019-10-20T08:14:55","guid":{"rendered":"https:\/\/www.pamirlaw.com\/arbitraje-y-mediacion\/"},"modified":"2020-10-29T11:41:41","modified_gmt":"2020-10-29T03:41:41","slug":"arbitraje-y-mediacion","status":"publish","type":"page","link":"https:\/\/www.pamirlaw.com\/es\/arbitraje-y-mediacion\/","title":{"rendered":"Arbitraje y Mediaci\u00f3n"},"content":{"rendered":"<blockquote><p><strong>Pamir Law Group ofrece una amplia gama de servicios de arbitraje y resoluci\u00f3n alternativa de conflictos en Taiw\u00e1n y China.<\/strong><\/p><\/blockquote>\n<h4>Ayudamos a nuestros clientes a:<\/h4>\n<ul>\n<li>Comprender los sistemas y opciones de arbitraje en China y Taiwan.<\/li>\n<li>Desarrollar estrategias y t\u00e1cticas para presentar su posici\u00f3n durante el proceso de arbitraje<\/li>\n<li>Acceder nuestra red mundial de expertos en arbitraje para garantizar soluciones pr\u00e1cticas y eficaces<\/li>\n<li>Implementar la ejecuci\u00f3n de laudos arbitrales<\/li>\n<li>Desarrollar estrategias para localizar y embargar los activos de la contraparte antes de iniciar el arbitraje, donde sea permitido.<\/li>\n<li>Desarrollar estrategias para negociar arreglos beneficiosos durante el proceso de arbitraje.<\/li>\n<\/ul>\n<h4>Proveemos los siguientes servicios:<\/h4>\n<ul>\n<li><strong>Identificacion de activos<\/strong><\/li>\n<li><strong>Embargo de Activos<\/strong><br \/>\nAsistencia con todos los procedimientos y permisos necesarios para embargar los activos y bienes de la contraparte antes de la presentaci\u00f3n del arbitraje, cuando sea posible.<\/li>\n<li><strong>Selecci\u00f3n de \u00e1rbitros<\/strong><br \/>\nDise\u00f1o de estrategias personalizadas para gestionar el riesgo y creaci\u00f3n de una matriz de selecci\u00f3n con informaci\u00f3n detallada sobre los antecedentes de cada candidato.<\/li>\n<li><strong>Gesti\u00f3n del impacto del lenguaje.<\/strong><br \/>\nProporcionar profesionales calificados y multiling\u00fces capaces de audiencias de arbitraje y traducci\u00f3n.<\/li>\n<li><strong>Gesti\u00f3n del proceso de arbitraje.<\/strong><br \/>\nAyudamos a nuestros clientes a obtener un trato justo durante el proceso de arbitraje<\/li>\n<li><strong>Ejecuci\u00f3n obligatoria de laudo arbitral.<\/strong><br \/>\nBrindar asistencia en la ejecuci\u00f3n del laudo arbitral.<\/li>\n<li><strong>Control de costos, gesti\u00f3n y resoluci\u00f3n.<\/strong><br \/>\nProporcionar estrategias para resolver el caso de arbitraje minimizando los costos asociados.<\/li>\n<li><strong>Comunicacion entre clientes y el tribunal arbitral<\/strong><\/li>\n<\/ul>\n","protected":false},"excerpt":{"rendered":"<p>Pamir Law Group ofrece una amplia gama de servicios de arbitraje y resoluci\u00f3n alternativa de conflictos en Taiw\u00e1n y China.<\/p>\n","protected":false},"author":2,"featured_media":0,"parent":0,"menu_order":0,"comment_status":"closed","ping_status":"closed","template":"","meta":{"_et_pb_use_builder":"","_et_pb_old_content":"","_et_gb_content_width":"","om_disable_all_campaigns":false,"_monsterinsights_skip_tracking":false,"_monsterinsights_sitenote_active":false,"_monsterinsights_sitenote_note":"","_monsterinsights_sitenote_category":0},"aioseo_notices":[],"_links":{"self":[{"href":"https:\/\/www.pamirlaw.com\/es\/wp-json\/wp\/v2\/pages\/12970"}],"collection":[{"href":"https:\/\/www.pamirlaw.com\/es\/wp-json\/wp\/v2\/pages"}],"about":[{"href":"https:\/\/www.pamirlaw.com\/es\/wp-json\/wp\/v2\/types\/page"}],"author":[{"embeddable":true,"href":"https:\/\/www.pamirlaw.com\/es\/wp-json\/wp\/v2\/users\/2"}],"replies":[{"embeddable":true,"href":"https:\/\/www.pamirlaw.com\/es\/wp-json\/wp\/v2\/comments?post=12970"}],"version-history":[{"count":1,"href":"https:\/\/www.pamirlaw.com\/es\/wp-json\/wp\/v2\/pages\/12970\/revisions"}],"predecessor-version":[{"id":13347,"href":"https:\/\/www.pamirlaw.com\/es\/wp-json\/wp\/v2\/pages\/12970\/revisions\/13347"}],"wp:attachment":[{"href":"https:\/\/www.pamirlaw.com\/es\/wp-json\/wp\/v2\/media?parent=12970"}],"curies":[{"name":"wp","href":"https:\/\/api.w.org\/{rel}","templated":true}]}}