{"id":12971,"date":"2019-10-20T16:22:35","date_gmt":"2019-10-20T08:22:35","guid":{"rendered":"https:\/\/www.pamirlaw.com\/fusiones-y-adquisiciones\/"},"modified":"2020-10-29T12:02:26","modified_gmt":"2020-10-29T04:02:26","slug":"fusiones-y-adquisiciones","status":"publish","type":"page","link":"https:\/\/www.pamirlaw.com\/es\/fusiones-y-adquisiciones\/","title":{"rendered":"Fusiones y Adquisiciones"},"content":{"rendered":"<blockquote><p><strong>Nuestra experiencia en Fusiones y Adquisiciones (&#8220;M&amp;A&#8221;) representando a empresas p\u00fablicas y privadas abarca todos los aspectos de una transacci\u00f3n, desde la estructuraci\u00f3n y negociaci\u00f3n de los t\u00e9rminos iniciales hasta el cierre, tanto en el lado de compra como en el de venta.<\/strong>\n<\/p><\/blockquote>\n<p>Hemos representado a una amplia gama de clientes en esta \u00e1rea, desde conglomerados de empresas p\u00fablicas reconocidas internacionalmente hasta grupos de capital privado y PYMES en transacciones simples y complejas con componentes transfronterizos involucrando China o Taiwan.<\/p>\n<p>Ayudamos con cada faceta de una transacci\u00f3n de M&amp;A incluyendo:<\/p>\n<h2><strong>Estructura y t\u00e9rminos iniciales de la transacci\u00f3n<\/strong><\/h2>\n<ul>\n<li>Asesorar sobre la estructura de la transacci\u00f3n para maximizar el beneficio econ\u00f3mico y minimizar el impacto fiscal, teniendo en cuenta las limitaciones financieras, comerciales y legales espec\u00edficas del cliente.<\/li>\n<li>Asesorar sobre estructuras offshore, transfer pricing y reducci\u00f3n de la retenci\u00f3n de impuestos y regal\u00edas de conformidad con los tratados fiscales aplicables.<\/li>\n<li>Asesorar sobre los t\u00e9rminos de financiamiento y ayudar a los clientes a obtener el financiamiento apropiado<\/li>\n<li>Asesorar sobre restricciones legales espec\u00edficas aplicables a cada transacci\u00f3n, incluyendo regulaciones burs\u00e1tiles, estatutos antimonopolio, aprobaciones de inversi\u00f3n extranjera, asuntos de procedimientos corporativo y c\u00f3mo estas variables pueden afectar la estructura de la transacci\u00f3n<\/li>\n<li>Negociar y redactar acuerdos de confidencialidad y exclusividad<\/li>\n<\/ul>\n<h2>Diligencia Debida<\/h2>\n<p><strong>Para vendedores:<\/strong><\/p>\n<ul>\n<li>Asesorar sobre la documentaci\u00f3n apropiada para proporcionar en respuesta a las solicitudes de diligencia debida.<\/li>\n<li>Preparaci\u00f3n de salas de datos (f\u00edsica\/electr\u00f3nica)<\/li>\n<li>En una situaci\u00f3n de licitaci\u00f3n, preparar los requisitos de licitaci\u00f3n, las reglas para los licitantes y coordinar respuestas uniformes a sus consultas de cada parte<\/li>\n<\/ul>\n<p><strong>Para compradores:<\/strong><\/p>\n<ul>\n<li>Preparar solicitudes de diligencia debida.<\/li>\n<li>Realizar la revisi\u00f3n de los documentos legales y asesorar sobre cuestiones importantes de diligencia debida.<\/li>\n<li>Preparar un informe detallado de debida diligencia y preparar traducciones de documentos corporativos significativos cuando sea necesario<\/li>\n<li>Asistir y asesorar en las entrevistas de la gerencia clave de la empresa objetivo<\/li>\n<li>Realizar diligencia debida preliminar anti corrupci\u00f3n para identificar problemas serios antes de invertir recursos en diligencia debida legal y financiera<\/li>\n<li>Coordinar con el equipo de diligencia debida comercial, financiera, ambiental y de salud y seguridad del cliente<\/li>\n<li>Obtener reportes de cr\u00e9dito, verificaci\u00f3n de antecedentes de la compa\u00f1\u00eda objetivo, ejecutivos clave y accionistas principales cuando sea necesario<\/li>\n<\/ul>\n<h2>Documentaci\u00f3n de la transacci\u00f3n<\/h2>\n<ul>\n<li>Negociar y redactar los acuerdos definitivos (acuerdo de compra de acciones, acuerdo de compra de activos, etc.).<\/li>\n<li>Negociar y redactar acuerdos complementarios, como acuerdos de accionistas, acuerdos de empresas conjuntas, acuerdos de custodia y cualquier otro acuerdo adicional requerido.<\/li>\n<li>Asesorar sobre el impacto comercial de t\u00e9rminos de acuerdos espec\u00edficos, tales como representaciones y garant\u00edas, indemnizaciones, acuerdos de cierre previo y posterior, condiciones de terminaci\u00f3n.<\/li>\n<\/ul>\n<h2>Arreglos de Fidecomiso<\/h2>\n<ul>\n<li>Asesorar y negociar los t\u00e9rminos de custodia y redactar el acuerdo de fidecomiso.<\/li>\n<li>Recomendar el agente de custodia y coordinar implementaci\u00f3n<\/li>\n<li>Asesorar acerca indemnificaciones y mecanismos de pago<\/li>\n<\/ul>\n<h2>Aprobaci\u00f3n de inversiones extranjeras, cumplimiento con los reglamentos de fusiones y adquisiciones locales y otras aprobaciones especiales<\/h2>\n<ul>\n<li>Preparar las solicitudes de aprobaci\u00f3n de inversi\u00f3n extranjera u otras aprobaciones especiales requeridas en la jurisdicci\u00f3n pertinente<\/li>\n<li>Asesorar sobre la aplicabilidad y el cumplimiento de los Reglamentos de M&amp;A locales para la transacci\u00f3n.<\/li>\n<li>Responder a las consultas de la Comisi\u00f3n de Inversiones (u otra agencia gubernamental) y presentar documentaci\u00f3n complementaria<\/li>\n<li>Facilitar la verificaci\u00f3n de inyecci\u00f3n de capital y el pago del impuesto a las transacciones de valores, seg\u00fan lo exijan las autoridades taiwanesas u otras autoridades gubernamentales relevantes<\/li>\n<\/ul>\n<h2>Derecho de competencia y consideraciones antimonopolio<\/h2>\n<ul>\n<li>Analizar los requisitos legales para aprobaciones previas a la transacci\u00f3n<\/li>\n<\/ul>\n<ul>\n<li>Preparar las presentaciones para la presentaci\u00f3n junto con la documentaci\u00f3n complementaria requerida por las autoridades locales.<\/li>\n<\/ul>\n<h2>Cierre<\/h2>\n<ul>\n<li>Supervisar la satisfacci\u00f3n de las condiciones de cierre y los acuerdos previos al cierre, como los cambios en la junta directiva, los accionistas y la junta directiva.<\/li>\n<li>Verificaci\u00f3n de los certificados de acciones a ser transferidos y endosos adecuados<\/li>\n<li>Organizar servicios de agente de transferencia, cuando sea necesario<\/li>\n<li>Facilitar la verificaci\u00f3n de capital al recibir los fondos de compra y al pago de los impuestos sobre las transacciones de valores, seg\u00fan lo exijan las autoridades gubernamentales locales<\/li>\n<li>Proporcionar servicios de agente de pago para la distribuci\u00f3n de los ingresos de la compra a accionistas individuales<\/li>\n<\/ul>\n<h2>Soporte Post-Cierre<\/h2>\n<ul>\n<li>Asesorar en temas de operaciones variadas.<\/li>\n<li>Asesoramiento en transacciones con partes relacionadas y afiliados.<\/li>\n<li>Asesoramiento en temas de gobierno corporativo.<\/li>\n<li>Asesoramiento en materia de gesti\u00f3n laboral, transferencias y prestaciones.<\/li>\n<\/ul>\n","protected":false},"excerpt":{"rendered":"<p>Nuestra experiencia en Fusiones y Adquisiciones (&#8220;M&amp;A&#8221;) representando a empresas p\u00fablicas y privadas abarca todos los aspectos de una transacci\u00f3n, desde la estructuraci\u00f3n y negociaci\u00f3n de los t\u00e9rminos iniciales hasta el cierre, tanto en el lado de compra como en el de venta. Hemos representado a una amplia gama de clientes en esta \u00e1rea, desde [&hellip;]<\/p>\n","protected":false},"author":2,"featured_media":0,"parent":0,"menu_order":0,"comment_status":"closed","ping_status":"closed","template":"","meta":{"_et_pb_use_builder":"","_et_pb_old_content":"","_et_gb_content_width":"","om_disable_all_campaigns":false,"_monsterinsights_skip_tracking":false,"_monsterinsights_sitenote_active":false,"_monsterinsights_sitenote_note":"","_monsterinsights_sitenote_category":0},"aioseo_notices":[],"_links":{"self":[{"href":"https:\/\/www.pamirlaw.com\/es\/wp-json\/wp\/v2\/pages\/12971"}],"collection":[{"href":"https:\/\/www.pamirlaw.com\/es\/wp-json\/wp\/v2\/pages"}],"about":[{"href":"https:\/\/www.pamirlaw.com\/es\/wp-json\/wp\/v2\/types\/page"}],"author":[{"embeddable":true,"href":"https:\/\/www.pamirlaw.com\/es\/wp-json\/wp\/v2\/users\/2"}],"replies":[{"embeddable":true,"href":"https:\/\/www.pamirlaw.com\/es\/wp-json\/wp\/v2\/comments?post=12971"}],"version-history":[{"count":5,"href":"https:\/\/www.pamirlaw.com\/es\/wp-json\/wp\/v2\/pages\/12971\/revisions"}],"predecessor-version":[{"id":13361,"href":"https:\/\/www.pamirlaw.com\/es\/wp-json\/wp\/v2\/pages\/12971\/revisions\/13361"}],"wp:attachment":[{"href":"https:\/\/www.pamirlaw.com\/es\/wp-json\/wp\/v2\/media?parent=12971"}],"curies":[{"name":"wp","href":"https:\/\/api.w.org\/{rel}","templated":true}]}}