{"id":12972,"date":"2019-10-20T16:31:19","date_gmt":"2019-10-20T08:31:19","guid":{"rendered":"https:\/\/www.pamirlaw.com\/capital-privado-y-capital-de-riesgo\/"},"modified":"2020-10-29T11:45:39","modified_gmt":"2020-10-29T03:45:39","slug":"capital-privado-y-capital-de-riesgo","status":"publish","type":"page","link":"https:\/\/www.pamirlaw.com\/es\/capital-privado-y-capital-de-riesgo\/","title":{"rendered":"Capital Privado y Capital de Riesgo"},"content":{"rendered":"<blockquote><p>Pamir Law Group asesora a fondos de capital privado\u00a0 y de capital de riesgo\u00a0 de todos tipos, as\u00ed como a empresas en cada etapa de crecimiento, desde la puesta en marcha hasta compa\u00f1\u00edas prepar\u00e1ndose para ofertas iniciales publicas en Taiw\u00e1n y China.<\/p><\/blockquote>\n<p>Hemos cerrado exitosamente numerosos acuerdos relacionados con estructuras de capital al estilo de Silicon Valley (acciones preferentes de series A, B y C que se convierten autom\u00e1ticamente a acciones comunes durante IPO) para empresas estadounidenses y empresas incorporadas en jurisdicciones offshore \u00a0con operaciones China y Taiw\u00e1n.<\/p>\n<p>Nuestra experiencia en transacciones de Capital de Riesgo y Capital Privado abarca todos los aspectos de una transacci\u00f3n, desde la estructuraci\u00f3n y negociaci\u00f3n de los t\u00e9rminos iniciales hasta el cierre del acuerdo, tanto del lado del inversor como del lado de la empresa.<\/p>\n<h2>Estructura Corporativa y Capitalizaci\u00f3n Inicial<\/h2>\n<ul>\n<li>Asesorar sobre la estructura corporativa y la jurisdicci\u00f3n de incorporaci\u00f3n para maximizar el beneficio econ\u00f3mico y la optimizaci\u00f3n fiscal para los accionistas.<\/li>\n<li>Formar compa\u00f1\u00eda (y subsidiarias si es necesario) en la jurisdicci\u00f3n elegida y asistir con declaraciones anuales y presentaciones<\/li>\n<li>Asesorar sobre la estructura de capitalizaci\u00f3n de la empresa, incluida la diferenciaci\u00f3n de derechos entre los accionistas que utilizan estructuras de acciones preferentes y el uso de incentivos de acciones o planes de acciones fantasma para incentivar a los empleados<\/li>\n<li>Preparaci\u00f3n y revisiones personalizadas de los documentos de la empresa, como los estatutos, el memorando de asociaci\u00f3n a los t\u00e9rminos espec\u00edficos requeridos por los inversionistas o seg\u00fan sea necesario para proteger los derechos de nuestros clientes.<\/li>\n<li>Asesorar sobre posibles estrategias de salida y c\u00f3mo dichas posibilidades pueden afectar los t\u00e9rminos de la inversi\u00f3n.<\/li>\n<\/ul>\n<h2>Hojas de T\u00e9rminos y Negociacion de T\u00e9rminos de la Transaccion<\/h2>\n<ul>\n<li>Asesorar sobre la estructura de la transacci\u00f3n para maximizar el beneficio econ\u00f3mico y minimizar el impacto fiscal, teniendo en cuenta las limitaciones financieras, comerciales y legales espec\u00edficas de las partes<\/li>\n<li>Asesor\u00eda en t\u00e9rminos t\u00edpicos de inversi\u00f3n de capital de riesgo, como conversi\u00f3n, anti-diluci\u00f3n y preferencias de liquidaci\u00f3n<\/li>\n<li>Asesorar sobre m\u00e9todos de inversi\u00f3n, tales como compras directas de acciones, bonos convertibles y pr\u00e9stamos puente y estructuras de garant\u00edas de acciones.<\/li>\n<li>Asesorar sobre los t\u00e9rminos de financiamiento y ayudar a los clientes de la compa\u00f1\u00eda a obtener el financiamiento adecuado<\/li>\n<li>Asesorar sobre restricciones legales espec\u00edficas aplicables a cada acuerdo, tales como regulaciones burs\u00e1tiles, asuntos antimonopolio, aprobaciones de inversi\u00f3n extranjera, asuntos de procedimiento corporativo, y c\u00f3mo estas variables pueden afectar la estructura de la transacci\u00f3n<\/li>\n<li>Negociar y redactar acuerdos de confidencialidad y exclusividad<\/li>\n<li>Negociar los t\u00e9rminos del acuerdo y redactar hojas de t\u00e9rminos, cartas de intenci\u00f3n, memorandos de entendimiento o acuerdos marco<\/li>\n<\/ul>\n<h2>Diligencia Debida<\/h2>\n<p>Para la compa\u00f1\u00eda:<\/p>\n<ul>\n<li>Asesorar sobre la documentaci\u00f3n apropiada para proporcionar en respuesta a las solicitudes de diligencia debida.<\/li>\n<li>Preparar salas de datos virtuales<\/li>\n<li>Asesorar a la empresa sobre las respuestas a las consultas de diligencia debida<\/li>\n<\/ul>\n<p>Para Inversionistas:<\/p>\n<ul>\n<li>Preparar solicitudes de diligencia debida<\/li>\n<li>Realizar la revisi\u00f3n de los documentos legales y asesorar sobre temas importantes de diligencia debida legal y comercial.<\/li>\n<li>Preparar un informe exhaustivo de diligencia debida y proporcionar traducciones de documentos corporativos significativos cuando sea necesario<\/li>\n<li>Asistir y asesorar en las entrevistas de la gerencia clave de la empresa objetivo<\/li>\n<li>Servir de enlace y coordinar con el equipo de diligencia debida financiera del cliente<\/li>\n<li>Obtener reportes de cr\u00e9dito y verificaci\u00f3n de antecedentes de la compa\u00f1\u00eda objetivo, ejecutivos clave y accionistas principales cuando sea necesario<\/li>\n<\/ul>\n<h2>Toma de decisiones<\/h2>\n<ul>\n<li>Asesorar sobre los &#8220;factores de ruptura&#8221; y los &#8220;factores clave de valor&#8221; encontrados durante la diligencia debida<\/li>\n<li>Asesor\u00eda sobre c\u00f3mo equilibrar los diferentes intereses de las partes interesadas dentro de la compa\u00f1\u00eda (fundadores, accionistas institucionales y estrat\u00e9gicos, gerencia, empleados, accionistas pasivos, etc.) frente a las necesidades de las partes interesadas del inversionista (comit\u00e9 de inversiones, socio general, fuentes de financiamiento, etc.) para cerrar la transaccion.<\/li>\n<\/ul>\n<h2>Documentaci\u00f3n legal<\/h2>\n<ul>\n<li>Negociar y redactar acuerdos definitivos<\/li>\n<li>Negociar y redactar acuerdos complementarios, como acuerdos de derechos de los inversores, derecho de primer rechazo,\u00a0 acuerdos de co-venta, acuerdos de accionistas, acuerdos de custodia, garant\u00edas de acciones y otros.<\/li>\n<li>Negociar y redactar acuerdos de empleo con fundadores y empleados clave.<\/li>\n<li>Negociar y redactar el acuerdo de compra de acciones de los fundadores u otros acuerdos que restrinjan las acciones de los fundadores.<\/li>\n<li>Asesorar sobre el impacto comercial de t\u00e9rminos de acuerdos espec\u00edficos, tales como representaciones y garant\u00edas, indemnizaciones, acuerdos de cierre previo y posterior, condiciones de terminaci\u00f3n.<\/li>\n<li>Negociar y redactar planes de incentivos de acciones, planes de opciones de compra fantasma, planes de derecho de apreciaci\u00f3n de acciones, planes de compra de acciones para empleados y planes de bonificaci\u00f3n.<\/li>\n<li>Borradores de enmiendas al memorando y los art\u00edculos de la asociaci\u00f3n (u otro documento constitutivo) para implementar la estructura de capital y las preferencias de participaci\u00f3n establecidas en la hoja de t\u00e9rminos.<\/li>\n<li>Redactar resoluciones de juntas y accionistas; asesorar sobre la designaci\u00f3n de la junta y los asuntos de juntas de accionistas y juntas con respecto a la inversi\u00f3n entrante<\/li>\n<\/ul>\n<h2>Arreglos de Fidecomiso<\/h2>\n<ul>\n<li>Asesorar y negociar los t\u00e9rminos de fidecomiso y redactar acuerdos de fidecomiso.<\/li>\n<li>Coordinar la transacci\u00f3n con el agente de custodia.<\/li>\n<li>Asesorar sobre reclamaciones de indemnizaci\u00f3n y facilitar el pago de reclamaciones de fondos de garant\u00eda.<\/li>\n<\/ul>\n<h2>Inversi\u00f3n extranjera y otras aprobaciones especiales<\/h2>\n<p><strong>Para Taiwan:<\/strong><\/p>\n<ul>\n<li>Preparar las solicitudes de aprobaci\u00f3n de inversi\u00f3n extranjera de la Comisi\u00f3n de Inversiones del Ministerio de Asuntos Econ\u00f3micos de Taiwan u otras aprobaciones especiales requeridas en la jurisdicci\u00f3n correspondiente<\/li>\n<li>Responder a las solicitudes de la Comisi\u00f3n de Inversiones (u otra agencia gubernamental) y presentar documentaci\u00f3n complementaria<\/li>\n<li>Facilitar la verificaci\u00f3n de inyecci\u00f3n de capital y el pago del impuesto a las transacciones de valores.<\/li>\n<\/ul>\n<p><strong>Para China:<\/strong><\/p>\n<ul>\n<li>Establecer empresas de propiedad totalmente extranjera (WFOE) cuando sea necesario<\/li>\n<li>Aprobacion de inversi\u00f3n extranjera<\/li>\n<li>Ayudar a los clientes a obtener las cartas de referencia necesarias y los documentos financieros u oficiales necesarios para las solicitudes de China<\/li>\n<\/ul>\n<h4>Cierre<\/h4>\n<ul>\n<li>Supervisar la satisfacci\u00f3n de las condiciones de cierre y los acuerdos previos al cierre, como cambios en la junta directiva, juntas de accionistas y junta directiva, licitaci\u00f3n de acciones o poderes y otras condiciones espec\u00edficas del acuerdo<\/li>\n<li>Verificaci\u00f3n de los certificados de acciones a ser transferidos y endosos adecuados<\/li>\n<li>Organizar servicios de agente de transferencia, cuando sea necesario<\/li>\n<li>Facilitar la verificaci\u00f3n de capital al recibir los fondos de compra y al pago de los impuestos de transacci\u00f3n de valores, seg\u00fan sea necesario<\/li>\n<li>Organizar la presentaci\u00f3n del memor\u00e1ndum enmendado y los art\u00edculos de asociaci\u00f3n y coordinar con el agente registrado<\/li>\n<\/ul>\n","protected":false},"excerpt":{"rendered":"<p>Pamir Law Group advises Private Equity (PE) and Venture Capital (VC) funds of all sizes as well as companies at every stage of growth, ranging from the start-up to the company on the verge of IPO in Silicon Valley-style financings throughout Greater China.<\/p>\n","protected":false},"author":2,"featured_media":0,"parent":0,"menu_order":0,"comment_status":"closed","ping_status":"closed","template":"","meta":{"_et_pb_use_builder":"","_et_pb_old_content":"","_et_gb_content_width":"","om_disable_all_campaigns":false,"_monsterinsights_skip_tracking":false,"_monsterinsights_sitenote_active":false,"_monsterinsights_sitenote_note":"","_monsterinsights_sitenote_category":0},"aioseo_notices":[],"_links":{"self":[{"href":"https:\/\/www.pamirlaw.com\/es\/wp-json\/wp\/v2\/pages\/12972"}],"collection":[{"href":"https:\/\/www.pamirlaw.com\/es\/wp-json\/wp\/v2\/pages"}],"about":[{"href":"https:\/\/www.pamirlaw.com\/es\/wp-json\/wp\/v2\/types\/page"}],"author":[{"embeddable":true,"href":"https:\/\/www.pamirlaw.com\/es\/wp-json\/wp\/v2\/users\/2"}],"replies":[{"embeddable":true,"href":"https:\/\/www.pamirlaw.com\/es\/wp-json\/wp\/v2\/comments?post=12972"}],"version-history":[{"count":1,"href":"https:\/\/www.pamirlaw.com\/es\/wp-json\/wp\/v2\/pages\/12972\/revisions"}],"predecessor-version":[{"id":13348,"href":"https:\/\/www.pamirlaw.com\/es\/wp-json\/wp\/v2\/pages\/12972\/revisions\/13348"}],"wp:attachment":[{"href":"https:\/\/www.pamirlaw.com\/es\/wp-json\/wp\/v2\/media?parent=12972"}],"curies":[{"name":"wp","href":"https:\/\/api.w.org\/{rel}","templated":true}]}}