{"id":12973,"date":"2019-10-20T16:36:57","date_gmt":"2019-10-20T08:36:57","guid":{"rendered":"https:\/\/www.pamirlaw.com\/cumplimiento-regulatorio\/"},"modified":"2020-10-29T11:50:26","modified_gmt":"2020-10-29T03:50:26","slug":"cumplimiento-regulatorio","status":"publish","type":"page","link":"https:\/\/www.pamirlaw.com\/es\/cumplimiento-regulatorio\/","title":{"rendered":"Cumplimiento Regulatorio"},"content":{"rendered":"<blockquote><p><strong>Con amplia experiencia regulatoria en Taiw\u00e1n y China, nos hemos convertido en asesores de confianza para empresas extranjeras y entidades gubernamentales a medida que contin\u00faan satisfaciendo las demandas de un mercado din\u00e1mico.<\/strong><\/p><\/blockquote>\n<p>Las relaciones gubernamentales son un factor cr\u00edtico en la planificaci\u00f3n estrat\u00e9gica corporativa y afecta todos los aspectos de las operaciones comerciales de una empresa. La aprobaci\u00f3n regulatoria y las acciones de cumplimiento ante una amplia gama de agencias gubernamentales pueden impactar el costo, la rentabilidad, la participaci\u00f3n de mercado y la viabilidad de cualquier operaci\u00f3n en China\/Taiwan.<\/p>\n<p>Los cambios en las leyes, los reglamentos y las pr\u00e1cticas de cumplimiento pueden crear nuevas oportunidades comerciales o amenazar la viabilidad de industrias enteras, y la forma en que su organizaci\u00f3n navega y administra el laberinto normativo afectar\u00e1 directamente su capacidad para adaptarse con \u00e9xito a estos cambios.<\/p>\n<p>Asesoramos a nuestros clientes sobre una variedad de asuntos regulatorios que enfrentan las empresas extranjeras que invierten o hacen negocios en China y Taiw\u00e1n, como la obtenci\u00f3n de aprobaciones gubernamentales para <a href=\"https:\/\/www.pamirlaw.com\/es\/fusiones-y-adquisiciones\/\">transacciones corporativas y de M&amp;A<\/a>, asuntos antimonopolio, creaci\u00f3n y cumplimiento de derechos de propiedad intelectual, licencias de productos , empresas conjuntas, <a href=\"https:\/\/www.pamirlaw.com\/practice-areas\/litigation\/\">litigios<\/a> y resoluci\u00f3n de conflictos, problemas de seguridad de productos y asuntos ambientales.<\/p>\n<p>Proveemos los siguientes servicios:<\/p>\n<ul>\n<li>Dise\u00f1ar soluciones concretas viables para la gesti\u00f3n de riesgos regulatorios.<\/li>\n<li>Comunicacion con las agencias gubernamentales reguladoras apropiadas en nombre de los clientes.<\/li>\n<li>Coordinar la representaci\u00f3n de los clientes en las audiencias de disputas reglamentarias tanto en procedimientos administrativos como litigios.<\/li>\n<li>Llevar a cabo sesiones de educaci\u00f3n reglamentaria para los funcionarios y empleados de los clientes.<\/li>\n<\/ul>\n<p>Somos expertos en los reg\u00edmenes regulatorios que afectan a las siguientes \u00e1reas de especializaci\u00f3n:<\/p>\n<ul>\n<li>Todas las aprobaciones, licencias y permisos.<\/li>\n<li>Gobierno Corporativo<\/li>\n<li>Incentivos y beneficios operacionales<\/li>\n<li>Ambiental<\/li>\n<li>Competencia y comercio justo.<\/li>\n<li>Impuestos<\/li>\n<\/ul>\n","protected":false},"excerpt":{"rendered":"<p>Con amplia experiencia regulatoria en Taiw\u00e1n y China, nos hemos convertido en asesores de confianza para empresas extranjeras y entidades gubernamentales a medida que contin\u00faan satisfaciendo las demandas de un mercado din\u00e1mico.<\/p>\n","protected":false},"author":2,"featured_media":0,"parent":0,"menu_order":0,"comment_status":"closed","ping_status":"closed","template":"","meta":{"_et_pb_use_builder":"","_et_pb_old_content":"","_et_gb_content_width":"","om_disable_all_campaigns":false,"_monsterinsights_skip_tracking":false,"_monsterinsights_sitenote_active":false,"_monsterinsights_sitenote_note":"","_monsterinsights_sitenote_category":0},"aioseo_notices":[],"_links":{"self":[{"href":"https:\/\/www.pamirlaw.com\/es\/wp-json\/wp\/v2\/pages\/12973"}],"collection":[{"href":"https:\/\/www.pamirlaw.com\/es\/wp-json\/wp\/v2\/pages"}],"about":[{"href":"https:\/\/www.pamirlaw.com\/es\/wp-json\/wp\/v2\/types\/page"}],"author":[{"embeddable":true,"href":"https:\/\/www.pamirlaw.com\/es\/wp-json\/wp\/v2\/users\/2"}],"replies":[{"embeddable":true,"href":"https:\/\/www.pamirlaw.com\/es\/wp-json\/wp\/v2\/comments?post=12973"}],"version-history":[{"count":6,"href":"https:\/\/www.pamirlaw.com\/es\/wp-json\/wp\/v2\/pages\/12973\/revisions"}],"predecessor-version":[{"id":13355,"href":"https:\/\/www.pamirlaw.com\/es\/wp-json\/wp\/v2\/pages\/12973\/revisions\/13355"}],"wp:attachment":[{"href":"https:\/\/www.pamirlaw.com\/es\/wp-json\/wp\/v2\/media?parent=12973"}],"curies":[{"name":"wp","href":"https:\/\/api.w.org\/{rel}","templated":true}]}}