{"id":12974,"date":"2019-10-21T13:42:29","date_gmt":"2019-10-21T05:42:29","guid":{"rendered":"https:\/\/www.pamirlaw.com\/reconocimientos\/"},"modified":"2020-10-29T11:25:07","modified_gmt":"2020-10-29T03:25:07","slug":"reconocimientos","status":"publish","type":"page","link":"https:\/\/www.pamirlaw.com\/es\/reconocimientos\/","title":{"rendered":"Reconocimientos"},"content":{"rendered":"<p>[et_pb_section bb_built=&#8221;1&#8243; module_id=&#8221;singlecasestudy&#8221; _builder_version=&#8221;3.0.93&#8243; custom_margin=&#8221;0px|0px|0px|0px&#8221; custom_padding=&#8221;0px|0px|0px|0px&#8221; next_background_color=&#8221;#000000&#8243; inner_width=&#8221;auto&#8221; inner_max_width=&#8221;none&#8221;][et_pb_row make_fullwidth=&#8221;on&#8221; use_custom_gutter=&#8221;on&#8221; gutter_width=&#8221;1&#8243; custom_padding=&#8221;0px|0px|0px|0px&#8221; custom_margin=&#8221;0px||0px|&#8221; make_equal=&#8221;on&#8221; background_color_2=&#8221;#00719c&#8221; _builder_version=&#8221;3.0.93&#8243; module_class=&#8221; et_pb_row_fullwidth et_pb_row_fullwidth&#8221; width=&#8221;100%&#8221; width_tablet=&#8221;100%&#8221; width_last_edited=&#8221;on|desktop&#8221; max_width=&#8221;100%&#8221; max_width_tablet=&#8221;100%&#8221; max_width_last_edited=&#8221;on|desktop&#8221;][et_pb_column type=&#8221;1_3&#8243;][et_pb_image src=&#8221;https:\/\/www.pamirlaw.com\/wp-content\/uploads\/awards.jpg&#8221; show_bottom_space=&#8221;off&#8221; force_fullwidth=&#8221;on&#8221; _builder_version=&#8221;3.18.2&#8243; animation_style=&#8221;fold&#8221; alt=&#8221;Pamir Award Page&#8221; title_text=&#8221;Pamir es una empresa galardonada.&#8221;]<\/p>\n<p>[\/et_pb_image][\/et_pb_column][et_pb_column type=&#8221;2_3&#8243;][et_pb_text admin_label=&#8221;TItle&#8221; _builder_version=&#8221;3.0.93&#8243; background_layout=&#8221;dark&#8221; custom_padding=&#8221;40px|40px|40px|40px&#8221;]<\/p>\n<h1 class=\"titlesep\" style=\"text-align: left;\">Reconocimientos<\/h1>\n<p style=\"text-align: left;\">Los elogios m\u00e1s gratificantes que hemos recibido han venido de nuestros clientes satisfechos a trav\u00e9s de muchos a\u00f1os. Esto se evidencia en su confianza continua, as\u00ed como en sus referencias de otros clientes. A continuaci\u00f3n presentamos una muestra de los reconocimientos otorgados a la firma por una amplia gama de publicaciones y asociaciones legales.<\/p>\n<p>[\/et_pb_text][\/et_pb_column][\/et_pb_row][\/et_pb_section][et_pb_section bb_built=&#8221;1&#8243; module_id=&#8221;awards&#8221; _builder_version=&#8221;3.0.105&#8243; prev_background_color=&#8221;#000000&#8243; inner_width=&#8221;auto&#8221; inner_max_width=&#8221;none&#8221;][et_pb_row _builder_version=&#8221;3.4.1&#8243; width=&#8221;80%&#8221; max_width=&#8221;1080px&#8221;][et_pb_column type=&#8221;1_3&#8243;][et_pb_image src=&#8221;https:\/\/www.pamirlaw.com\/wp-content\/uploads\/chambers-asia-pacific-award-1-e1538013683813.jpg&#8221; align=&#8221;center&#8221; _builder_version=&#8221;3.18.2&#8243; alt=&#8221;Chambers and Partners Gu\u00eda del Cliente Para Asia&#8221; title_text=&#8221; &#8220;]<\/p>\n<p>[\/et_pb_image][\/et_pb_column][et_pb_column type=&#8221;2_3&#8243;][et_pb_text admin_label=&#8221;Chambers and Partners Asia Client Guide&#8221; _builder_version=&#8221;3.4.1&#8243;]<\/p>\n<h2 class=\"titlesep\">Chambers and Partners Gu\u00eda del Cliente Para Asia<\/h2>\n<p>Chambers Asia ha identificado a Pamir como una firma l\u00edder en los sectores Corporativo\/Fusiones\/Adquisiciones (M&amp;A) y Tecnolog\u00eda, Medios y Telecomunicaciones en China y Taiw\u00e1n desde la primera edici\u00f3n de la publicaci\u00f3n en 2008.<\/p>\n<h5>Acerca del Reconocimiento:<\/h5>\n<p>Chambers and Partners ha publicado <a href=\"http:\/\/chambersandpartners.com\">gu\u00edas de la profesi\u00f3n legal alrededor del mundo<\/a> desde 1990. Todas las gu\u00edas de Chambers son independientes y est\u00e1n basadas en su propia investigaci\u00f3n; no se mencionan firmas ni abogados a menos que sean altamente recomendados en el mercado. Los investigadores de Chambers entrevistan a miles de clientes y profesionales l\u00edderes en todo el mundo, quienes expresan sus opiniones acerca de las mejores firmas y abogados en su jurisdicci\u00f3n.<\/p>\n<p>[\/et_pb_text][\/et_pb_column][\/et_pb_row][et_pb_row _builder_version=&#8221;3.0.93&#8243; width=&#8221;80%&#8221; max_width=&#8221;1080px&#8221;][et_pb_column type=&#8221;1_3&#8243;][et_pb_image src=&#8221;https:\/\/www.pamirlaw.com\/wp-content\/uploads\/napaba-trailblazer_award-e1538014105437.jpg&#8221; align=&#8221;center&#8221; _builder_version=&#8221;3.18.2&#8243; alt=&#8221;NAPABA \u201cTrailblazer\u201d&#8221; title_text=&#8221;Pamir Law was awarded by the Napaba Trailblazer&#8221;]<\/p>\n<p>[\/et_pb_image][\/et_pb_column][et_pb_column type=&#8221;2_3&#8243;][et_pb_text admin_label=&#8221;NAPABA Trailblazer Award&#8221; _builder_version=&#8221;3.22.7&#8243; text_text_shadow_horizontal_length=&#8221;text_text_shadow_style,%91object Object%93&#8243; text_text_shadow_vertical_length=&#8221;text_text_shadow_style,%91object Object%93&#8243; text_text_shadow_blur_strength=&#8221;text_text_shadow_style,%91object Object%93&#8243; link_text_shadow_horizontal_length=&#8221;link_text_shadow_style,%91object Object%93&#8243; link_text_shadow_vertical_length=&#8221;link_text_shadow_style,%91object Object%93&#8243; link_text_shadow_blur_strength=&#8221;link_text_shadow_style,%91object Object%93&#8243; ul_text_shadow_horizontal_length=&#8221;ul_text_shadow_style,%91object Object%93&#8243; ul_text_shadow_vertical_length=&#8221;ul_text_shadow_style,%91object Object%93&#8243; ul_text_shadow_blur_strength=&#8221;ul_text_shadow_style,%91object Object%93&#8243; ol_text_shadow_horizontal_length=&#8221;ol_text_shadow_style,%91object Object%93&#8243; ol_text_shadow_vertical_length=&#8221;ol_text_shadow_style,%91object Object%93&#8243; ol_text_shadow_blur_strength=&#8221;ol_text_shadow_style,%91object Object%93&#8243; quote_text_shadow_horizontal_length=&#8221;quote_text_shadow_style,%91object Object%93&#8243; quote_text_shadow_vertical_length=&#8221;quote_text_shadow_style,%91object Object%93&#8243; quote_text_shadow_blur_strength=&#8221;quote_text_shadow_style,%91object Object%93&#8243; header_text_shadow_horizontal_length=&#8221;header_text_shadow_style,%91object Object%93&#8243; header_text_shadow_vertical_length=&#8221;header_text_shadow_style,%91object Object%93&#8243; header_text_shadow_blur_strength=&#8221;header_text_shadow_style,%91object Object%93&#8243; header_2_text_shadow_horizontal_length=&#8221;header_2_text_shadow_style,%91object Object%93&#8243; header_2_text_shadow_vertical_length=&#8221;header_2_text_shadow_style,%91object Object%93&#8243; header_2_text_shadow_blur_strength=&#8221;header_2_text_shadow_style,%91object Object%93&#8243; header_3_text_shadow_horizontal_length=&#8221;header_3_text_shadow_style,%91object Object%93&#8243; header_3_text_shadow_vertical_length=&#8221;header_3_text_shadow_style,%91object Object%93&#8243; header_3_text_shadow_blur_strength=&#8221;header_3_text_shadow_style,%91object Object%93&#8243; header_4_text_shadow_horizontal_length=&#8221;header_4_text_shadow_style,%91object Object%93&#8243; header_4_text_shadow_vertical_length=&#8221;header_4_text_shadow_style,%91object Object%93&#8243; header_4_text_shadow_blur_strength=&#8221;header_4_text_shadow_style,%91object Object%93&#8243; header_5_text_shadow_horizontal_length=&#8221;header_5_text_shadow_style,%91object Object%93&#8243; header_5_text_shadow_vertical_length=&#8221;header_5_text_shadow_style,%91object Object%93&#8243; header_5_text_shadow_blur_strength=&#8221;header_5_text_shadow_style,%91object Object%93&#8243; header_6_text_shadow_horizontal_length=&#8221;header_6_text_shadow_style,%91object Object%93&#8243; header_6_text_shadow_vertical_length=&#8221;header_6_text_shadow_style,%91object Object%93&#8243; header_6_text_shadow_blur_strength=&#8221;header_6_text_shadow_style,%91object Object%93&#8243; z_index_tablet=&#8221;500&#8243;]<\/p>\n<h2 class=\"titlesep\">NAPABA \u201cTrailblazer\u201d<\/h2>\n<p>Nuestro socio Nicholas V. Chen recibi\u00f3 el \u201cPremio Trailblazer 2012\u201d, el honor m\u00e1s alto de NAPABA, reconoce a las personas que &#8220;han demostrado visi\u00f3n, valent\u00eda y tenacidad, y que han hecho contribuciones sustanciales y duraderas a la profesi\u00f3n legal de miembros de la comunidad Asia-Pac\u00edfico-Americana (APA). &#8221;<\/p>\n<p>[\/et_pb_text][\/et_pb_column][\/et_pb_row][et_pb_row _builder_version=&#8221;3.0.93&#8243; width=&#8221;80%&#8221; max_width=&#8221;1080px&#8221;][et_pb_column type=&#8221;1_3&#8243;][et_pb_image src=&#8221;https:\/\/www.pamirlaw.com\/wp-content\/uploads\/asia-law-leading-lawyers-award-e1538014303353.jpg&#8221; align=&#8221;center&#8221; _builder_version=&#8221;3.18.2&#8243; alt=&#8221;AsiaLaw Leading Lawyers&#8221; title_text=&#8221;Pamir Law was awarded the Asia Law Leading Lawyers&#8221;]<\/p>\n<p>[\/et_pb_image][\/et_pb_column][et_pb_column type=&#8221;2_3&#8243;][et_pb_text admin_label=&#8221;AsiaLaw Leading Lawyers&#8221; _builder_version=&#8221;3.4.1&#8243;]<\/p>\n<h2 class=\"titlesep\">AsiaLaw Leading Lawyers<\/h2>\n<p>Profesionales de Pamir han sido nombrados como \u201cAbogados Lideres\u201d por la revista AsiaLaw durante muchos a\u00f1os en \u00e1reas de pr\u00e1ctica incluyendo:<\/p>\n<ul>\n<li>Financiaci\u00f3n Corporativa\/Mercados de Capital<\/li>\n<li>Practica en la Republica Popular de China<\/li>\n<li>Propiedad Intelectual<\/li>\n<li>Fusiones y Adquisiciones<\/li>\n<li>Tecnolog\u00eda de Informaci\u00f3n<\/li>\n<li>Resoluci\u00f3n de Disputas<\/li>\n<\/ul>\n<h5>Acerca del Reconocimiento:<\/h5>\n<p>Asialaw es una publicaci\u00f3n l\u00edder con sede en Hong Kong, que proporciona noticias y an\u00e1lisis a la comunidad jur\u00eddica corporativa en Asia-Pac\u00edfico. Asialaw Leading Lawyers es una de las encuestas anuales m\u00e1s grandes de profesionales centrados en Asia Pac\u00edfico y es un recurso integral para asesores corporativos en todo el mundo. Su objetivo es identificar a los expertos legales m\u00e1s aclamados de la regi\u00f3n en ciertas \u00e1reas de pr\u00e1ctica clave.<\/p>\n<p>[\/et_pb_text][\/et_pb_column][\/et_pb_row][et_pb_row _builder_version=&#8221;3.0.93&#8243; width=&#8221;80%&#8221; max_width=&#8221;1080px&#8221;][et_pb_column type=&#8221;1_3&#8243;][et_pb_image src=&#8221;https:\/\/www.pamirlaw.com\/wp-content\/uploads\/asian-legal-business_award-e1538014337178.jpg&#8221; align=&#8221;center&#8221; _builder_version=&#8221;3.18.2&#8243; alt=&#8221;Firma L\u00edder en Capital de Riesgo\/Capital Privado por la revista Asian Legal Business&#8221; title_text=&#8221;Pamir Law was awarded the Asian Legal Business&#8221;]<\/p>\n<p>[\/et_pb_image][\/et_pb_column][et_pb_column type=&#8221;2_3&#8243;][et_pb_text admin_label=&#8221;Asian Legal Business Leading PE &amp; VC Law Firm&#8221; _builder_version=&#8221;3.0.93&#8243;]<\/p>\n<h2 class=\"titlesep\">Firma L\u00edder en Capital de Riesgo\/Capital Privado por la revista Asian Legal Business<\/h2>\n<p>Pamir fue reconocida como una firma de abogados l\u00edder en capital privado y capital de riesgo por Asian Legal Business Magazine, una publicaci\u00f3n de Thomson Reuters.<\/p>\n<h5>Acerca del Reconocimiento:<\/h5>\n<p>\u201cALB\u2019s Leading Private Equity &amp; Venture Capital Firm: Asia\u201d, es una encuesta realizada entre los abogados in-house y l\u00edderes empresariales m\u00e1s importantes de la regi\u00f3n durante un per\u00edodo de tres meses. El equipo editorial de ALB contact\u00f3 a los encuestados directamente a trav\u00e9s de una combinaci\u00f3n de llamadas telef\u00f3nicas, correos electr\u00f3nicos directos y entrevistas personales. Se pide a los encuestados que proporcionen sus opiniones extraoficiales sobre las principales firmas de abogados de Capital de Riesgo y Capital Privado en toda la regi\u00f3n en las jurisdicciones donde ellos, o su compa\u00f1\u00eda, realizan negocios importantes. Tambi\u00e9n se les pide que seleccionen a los profesionales l\u00edderes en capital privado y capital de riesgo en toda la regi\u00f3n. El equipo editorial de ALB combina los resultados de esta investigaci\u00f3n con presentaciones hechas por firmas de abogados y abogados internos como parte de la serie de premios de ALB y su propio inventario de conocimiento de la industria.<\/p>\n<p>[\/et_pb_text][\/et_pb_column][\/et_pb_row][et_pb_row _builder_version=&#8221;3.0.93&#8243; width=&#8221;80%&#8221; max_width=&#8221;1080px&#8221;][et_pb_column type=&#8221;1_3&#8243;][et_pb_image src=&#8221;https:\/\/www.pamirlaw.com\/wp-content\/uploads\/whos-who-legal-award-e1538014359958.jpg&#8221; align=&#8221;center&#8221; _builder_version=&#8221;3.18.2&#8243; alt=&#8221;Firma L\u00edder en Fusiones y Adquisiciones por \u201cWho\u2019s Who Legal\u201d&#8221; title_text=&#8221;Pamir Law was awarded by Who&#8217;s Who Legal&#8221;]<\/p>\n<p>[\/et_pb_image][\/et_pb_column][et_pb_column type=&#8221;2_3&#8243;][et_pb_text admin_label=&#8221;Who\u2019s Who Legal Merger &amp; Acquisition Leading Practitioners&#8221; _builder_version=&#8221;3.0.93&#8243;]<\/p>\n<h2 class=\"titlesep\">Firma L\u00edder en Fusiones y Adquisiciones por \u201cWho\u2019s Who Legal\u201d<\/h2>\n<p>Los profesionales de Pamir han sido reconocidos en varias ediciones de \u201cInternational Who&#8217;s Who of Merger &amp; Acquisitions\u201d.<\/p>\n<h5>Acerca del Reconocimiento:<\/h5>\n<p>Desde 1996, Who&#8217;s Who Legal ha identificado a los principales profesionales del derecho en m\u00faltiples \u00e1reas del derecho mercantil. En total, este sitio cuenta con m\u00e1s de 10,000 de los mejores abogados privados de todo el mundo de m\u00e1s de 100 jurisdicciones nacionales.<\/p>\n<p>[\/et_pb_text][\/et_pb_column][\/et_pb_row][et_pb_row _builder_version=&#8221;3.0.93&#8243; width=&#8221;80%&#8221; max_width=&#8221;1080px&#8221;][et_pb_column type=&#8221;1_3&#8243;][et_pb_image src=&#8221;https:\/\/www.pamirlaw.com\/wp-content\/uploads\/iflr-1000-award-e1538014383497.jpg&#8221; align=&#8221;center&#8221; _builder_version=&#8221;3.18.2&#8243; alt=&#8221;International Financial Law Review (IFLR) 1000&#8243; title_text=&#8221;Pamir Law was awarded by IFLR 1000&#8243;]<\/p>\n<p>[\/et_pb_image][\/et_pb_column][et_pb_column type=&#8221;2_3&#8243;][et_pb_text admin_label=&#8221;International Financial Law Review (IFLR) 1000&#8243; _builder_version=&#8221;3.0.93&#8243;]<\/p>\n<h2 class=\"titlesep\">International Financial Law Review (IFLR) 1000<\/h2>\n<p>Pamir fue nombrada una firma l\u00edder por su trabajo en finanzas corporativas y de fusiones y adquisiciones en Taiw\u00e1n.<\/p>\n<h5>Acerca del Reconocimiento:<\/h5>\n<p>IFLR1000 es la gu\u00eda de las principales firmas de derecho financiero del mundo. Basada en una extensa investigaci\u00f3n independiente, la gu\u00eda proporciona clasificaciones y an\u00e1lisis de las mejores firmas de abogados financieros que operan en m\u00e1s de 100 mercados en todo el mundo.<\/p>\n<p>[\/et_pb_text][\/et_pb_column][\/et_pb_row][et_pb_row _builder_version=&#8221;3.0.93&#8243; width=&#8221;80%&#8221; max_width=&#8221;1080px&#8221;][et_pb_column type=&#8221;1_3&#8243;][et_pb_image src=&#8221;https:\/\/www.pamirlaw.com\/wp-content\/uploads\/client-choice-award-e1538014411954.jpg&#8221; align=&#8221;center&#8221; _builder_version=&#8221;3.18.2&#8243; alt=&#8221;International Law Office (ILO) Client Choice Award&#8221; title_text=&#8221;Pamir Law was awarded by the Client Choice&#8221;]<\/p>\n<p>[\/et_pb_image][\/et_pb_column][et_pb_column type=&#8221;2_3&#8243;][et_pb_text admin_label=&#8221;International Law Office (ILO) Client Choice Award&#8221; _builder_version=&#8221;3.4.1&#8243;]<\/p>\n<h2 class=\"titlesep\">International Law Office (ILO) Client Choice Award<\/h2>\n<p>Nicholas V. Chen fue seleccionado como ganador del premio \u201cClient Choice Award\u201d para fusiones y adquisiciones en Taiw\u00e1n por \u201cInternational Law Office (ILO)\u201d con sede en Londres por &#8220;sobresalir en todo el espectro del servicio al cliente con comunicaci\u00f3n efectiva, entendimiento legal, conocimiento comercial, profundidad y la fuerza del equipo, y las habilidades de gesti\u00f3n\u201d.<\/p>\n<h5>Acerca del Premio:<\/h5>\n<p>Los premios ILO Client Choice Awards reconocen tradicionalmente a los bufetes de abogados de todo el mundo que se destacan por la excelente atenci\u00f3n al cliente que brindan y la calidad de su servicio. Recientemente, la investigaci\u00f3n se ha ampliado para reconocer a los socios individuales que sobresalen en todo el espectro del servicio al cliente. Los bufetes de abogados y los socios solo pueden ser nominados para estos premios por un abogado corporativo.<\/p>\n<p>[\/et_pb_text][\/et_pb_column][\/et_pb_row][et_pb_row _builder_version=&#8221;3.0.93&#8243; width=&#8221;80%&#8221; max_width=&#8221;1080px&#8221;][et_pb_column type=&#8221;1_3&#8243;][et_pb_image src=&#8221;https:\/\/www.pamirlaw.com\/wp-content\/uploads\/intl-global-award-e1538014428129.jpg&#8221; align=&#8221;center&#8221; _builder_version=&#8221;3.18.2&#8243; alt=&#8221;Corporate INTL 2011 y 2012 Premio a la Firma de Abogados del A\u00f1o de Taiw\u00e1n en fusiones y adquisiciones&#8221; title_text=&#8221;Pamir Law was awarded by the Corporate INTL&#8221;]<\/p>\n<p>[\/et_pb_image][\/et_pb_column][et_pb_column type=&#8221;2_3&#8243;][et_pb_text admin_label=&#8221;Corporate INTL 2011 and 2012 Taiwan M&amp;A Law Firm of the Year Award&#8221; _builder_version=&#8221;3.4.1&#8243;]<\/p>\n<h2 class=\"titlesep\">Corporate INTL 2011 y 2012 Premio a la Firma de Abogados del A\u00f1o de Taiw\u00e1n en fusiones y adquisiciones<\/h2>\n<p>Pamir Law Group fue nombrada la firma de fusiones y adquisiciones del a\u00f1o 2011\/2012 en Taiw\u00e1n por parte de la revista Corporate Intl.<\/p>\n<h5>Acerca del Premio:<\/h5>\n<p>Cada a\u00f1o, Corporate INTL analiza 11,500 formularios de nominaci\u00f3n \u00fanicos de bufetes de abogados, equipos de abogados internos, directores de negocios y particulares en todo el mundo, y otorga asesores excepcionales de m\u00e1s de 100 pa\u00edses especializados en m\u00e1s de 60 \u00e1reas y sectores de pr\u00e1ctica.<\/p>\n<p>[\/et_pb_text][\/et_pb_column][\/et_pb_row][et_pb_row make_equal=&#8221;on&#8221; _builder_version=&#8221;3.0.93&#8243; width=&#8221;80%&#8221; max_width=&#8221;1080px&#8221;][et_pb_column type=&#8221;1_3&#8243;][et_pb_image src=&#8221;https:\/\/www.pamirlaw.com\/wp-content\/uploads\/world-finance-legal-award.jpg&#8221; align=&#8221;center&#8221; _builder_version=&#8221;3.22.7&#8243; alt=&#8221;World Finance Legal Awards&#8221; title_text=&#8221;Pamir Law was awarded the World Finance Legal Award&#8221; z_index_tablet=&#8221;500&#8243;]<\/p>\n<p>[\/et_pb_image][\/et_pb_column][et_pb_column type=&#8221;2_3&#8243;][et_pb_text admin_label=&#8221;World Finance Legal Awards&#8221; _builder_version=&#8221;3.0.105&#8243;]<\/p>\n<h2 class=\"titlesep\">World Finance Legal Awards<\/h2>\n<p>La revista World Finance nombr\u00f3 a Pamir como la &#8220;Mejor firma de inversi\u00f3n extranjera en China&#8221;.<\/p>\n<h5>Acerca del Premio:<\/h5>\n<p>World Finance es una revista financiera bimestral l\u00edder con sede en Londres. Los World Finance Awards se crearon en 2007 para identificar a l\u00edderes de la industria, individuos, equipos y organizaciones que representan el punto de referencia de logros y mejores pr\u00e1cticas en el mundo financiero y empresarial. El panel de premios utiliza una amplia gama de criterios y el ojo cr\u00edtico de 186 a\u00f1os de periodismo financiero para informar sus decisiones.<\/p>\n<p>[\/et_pb_text][\/et_pb_column][\/et_pb_row][et_pb_row make_equal=&#8221;on&#8221; _builder_version=&#8221;3.0.93&#8243; width=&#8221;80%&#8221; max_width=&#8221;1080px&#8221;][et_pb_column type=&#8221;1_3&#8243;][et_pb_image src=&#8221;https:\/\/www.pamirlaw.com\/wp-content\/uploads\/ir-global-award-e1538014490931.jpg&#8221; align=&#8221;center&#8221; _builder_version=&#8221;3.18.2&#8243; alt=&#8221;Premio al Miembro del A\u00f1o de IR Global&#8221; title_text=&#8221;Pamir was awarded by IR Global&#8221;]<\/p>\n<p>[\/et_pb_image][\/et_pb_column][et_pb_column type=&#8221;2_3&#8243;][et_pb_text admin_label=&#8221;IR Global Member of the Year Award&#8221; _builder_version=&#8221;3.4.1&#8243;]<\/p>\n<h2 class=\"titlesep\">Premio al Miembro del A\u00f1o de IR Global<\/h2>\n<p>Nicholas V. Chen fue elegido como Miembro del a\u00f1o 2014 de IR Global durante la Conferencia Anual 2014 en Londres.<\/p>\n<h5>Acerca del Premio<\/h5>\n<p>El socio Nicholas V. Chen fue elegido como Miembro del a\u00f1o 2014 de IR Global durante la Conferencia Anual 2014 de IR en Londres. Pamir fue reconocida por otros miembros por sus actividades de generaci\u00f3n de negocios, eventos de promoci\u00f3n conjunta con otros miembros en China y en el extranjero, y sus esfuerzos por construir una plataforma con miembros para ofrecer servicios de inmigraci\u00f3n de inversionistas a individuos chinos de alto patrimonio.<\/p>\n<p>[\/et_pb_text][\/et_pb_column][\/et_pb_row][et_pb_row _builder_version=&#8221;3.0.93&#8243; width=&#8221;80%&#8221; max_width=&#8221;1080px&#8221;][et_pb_column type=&#8221;1_3&#8243;][et_pb_image src=&#8221;https:\/\/www.pamirlaw.com\/wp-content\/uploads\/terralex-award-e1538014515181.jpg&#8221; align=&#8221;center&#8221; _builder_version=&#8221;3.18.2&#8243; alt=&#8221;Premio al Servicio Distinguido TerraLex&#8221; title_text=&#8221;Pamir law was awarded by terralex&#8221;]<\/p>\n<p>[\/et_pb_image][\/et_pb_column][et_pb_column type=&#8221;2_3&#8243;][et_pb_text admin_label=&#8221;TerraLex Distinguished Service Award&#8221; _builder_version=&#8221;3.0.93&#8243;]<\/p>\n<h2 class=\"titlesep\">Premio al Servicio Distinguido TerraLex<\/h2>\n<p>El socio Nicholas Chen, en nombre de la firma, recibi\u00f3 el premio del presidente de TerraLex, Charlie McCallum, por sus esfuerzos para establecer la presencia de TerraLex en la regi\u00f3n de Asia-Pac\u00edfico.<\/p>\n<h5>Acerca del Premio:<\/h5>\n<p>TerraLex\u00ae consiste en m\u00e1s de 158 bufetes de abogados independientes y 15,000 abogados en m\u00e1s de 100 pa\u00edses y m\u00e1s de 40 estados en los Estados Unidos. TerraLex es una de las redes de firmas de abogados internacionales m\u00e1s grandes del mundo, que facilita los negocios entre los miembros y sus clientes y brinda a sus miembros foros informativos sobre temas de inter\u00e9s actuales.<\/p>\n<p>[\/et_pb_text][\/et_pb_column][\/et_pb_row][\/et_pb_section]<\/p>\n","protected":false},"excerpt":{"rendered":"<p>Reconocimientos Los elogios m\u00e1s gratificantes que hemos recibido han venido de nuestros clientes satisfechos a trav\u00e9s de muchos a\u00f1os. Esto se evidencia en su confianza continua, as\u00ed como en sus referencias de otros clientes. A continuaci\u00f3n presentamos una muestra de los reconocimientos otorgados a la firma por una amplia gama de publicaciones y asociaciones legales. [&hellip;]<\/p>\n","protected":false},"author":2,"featured_media":0,"parent":0,"menu_order":0,"comment_status":"closed","ping_status":"closed","template":"","meta":{"_et_pb_use_builder":"on","_et_pb_old_content":"","_et_gb_content_width":"","om_disable_all_campaigns":false,"_monsterinsights_skip_tracking":false,"_monsterinsights_sitenote_active":false,"_monsterinsights_sitenote_note":"","_monsterinsights_sitenote_category":0},"aioseo_notices":[],"_links":{"self":[{"href":"https:\/\/www.pamirlaw.com\/es\/wp-json\/wp\/v2\/pages\/12974"}],"collection":[{"href":"https:\/\/www.pamirlaw.com\/es\/wp-json\/wp\/v2\/pages"}],"about":[{"href":"https:\/\/www.pamirlaw.com\/es\/wp-json\/wp\/v2\/types\/page"}],"author":[{"embeddable":true,"href":"https:\/\/www.pamirlaw.com\/es\/wp-json\/wp\/v2\/users\/2"}],"replies":[{"embeddable":true,"href":"https:\/\/www.pamirlaw.com\/es\/wp-json\/wp\/v2\/comments?post=12974"}],"version-history":[{"count":4,"href":"https:\/\/www.pamirlaw.com\/es\/wp-json\/wp\/v2\/pages\/12974\/revisions"}],"predecessor-version":[{"id":13335,"href":"https:\/\/www.pamirlaw.com\/es\/wp-json\/wp\/v2\/pages\/12974\/revisions\/13335"}],"wp:attachment":[{"href":"https:\/\/www.pamirlaw.com\/es\/wp-json\/wp\/v2\/media?parent=12974"}],"curies":[{"name":"wp","href":"https:\/\/api.w.org\/{rel}","templated":true}]}}