{"id":12979,"date":"2019-10-21T13:50:44","date_gmt":"2019-10-21T05:50:44","guid":{"rendered":"https:\/\/www.pamirlaw.com\/alcance-mundial\/"},"modified":"2020-10-29T11:22:26","modified_gmt":"2020-10-29T03:22:26","slug":"alcance-mundial","status":"publish","type":"page","link":"https:\/\/www.pamirlaw.com\/es\/alcance-mundial\/","title":{"rendered":"Alcance Mundial"},"content":{"rendered":"<p>[et_pb_section fb_built=&#8221;1&#8243; module_class=&#8221;headerimg&#8221; _builder_version=&#8221;3.22&#8243; custom_margin=&#8221;0px|0px|0px|0px&#8221; custom_padding=&#8221;0px|0px|0px|0px&#8221;][et_pb_row use_custom_gutter=&#8221;on&#8221; gutter_width=&#8221;1&#8243; make_equal=&#8221;on&#8221; module_class=&#8221; et_pb_row_fullwidth&#8221; _builder_version=&#8221;3.25&#8243; background_size=&#8221;initial&#8221; background_position=&#8221;top_left&#8221; background_repeat=&#8221;repeat&#8221; width=&#8221;100%&#8221; width_tablet=&#8221;100%&#8221; width_last_edited=&#8221;on|desktop&#8221; max_width=&#8221;100%&#8221; max_width_tablet=&#8221;100%&#8221; max_width_last_edited=&#8221;on|desktop&#8221; custom_margin=&#8221;0px|0px|0px|0px&#8221; custom_padding=&#8221;0px|0px|0px|0px&#8221; make_fullwidth=&#8221;on&#8221; column_structure=&#8221;1_3,2_3&#8243;][et_pb_column type=&#8221;1_3&#8243; _builder_version=&#8221;3.25&#8243; custom_padding=&#8221;|||&#8221; custom_padding__hover=&#8221;|||&#8221;][et_pb_image src=&#8221;https:\/\/www.pamirlaw.com\/wp-content\/uploads\/worldwide-reach.jpg&#8221; show_bottom_space=&#8221;off&#8221; force_fullwidth=&#8221;on&#8221; align_tablet=&#8221;center&#8221; align_last_edited=&#8221;on|desktop&#8221; _builder_version=&#8221;3.23&#8243; animation_style=&#8221;fold&#8221; always_center_on_mobile=&#8221;on&#8221;][\/et_pb_image][\/et_pb_column][et_pb_column type=&#8221;2_3&#8243; _builder_version=&#8221;3.25&#8243; background_color=&#8221;#00719c&#8221; custom_padding=&#8221;|||&#8221; custom_padding__hover=&#8221;|||&#8221;][et_pb_text admin_label=&#8221;TItle&#8221; _builder_version=&#8221;4.6.5&#8243; background_layout=&#8221;dark&#8221; custom_padding=&#8221;40px|40px|40px|40px&#8221; hover_enabled=&#8221;0&#8243; sticky_enabled=&#8221;0&#8243;]<\/p>\n<h1 class=\"titlesep\" style=\"text-align: left;\">Alcance Mundial<\/h1>\n<p style=\"text-align: left;\">Adem\u00e1s de ofrecer un est\u00e1ndar de trabajo internacional a nuestros clientes, cooperamos estrechamente con varias redes mundiales de abogados talentosos y con capacidad internacional para ofrecer a nuestros clientes la &#8220;ventaja de local&#8221;. <\/p>\n<p>[\/et_pb_text][\/et_pb_column][\/et_pb_row][\/et_pb_section][et_pb_section fb_built=&#8221;1&#8243; module_class=&#8221;topfeatures&#8221; _builder_version=&#8221;3.22&#8243; parallax=&#8221;on&#8221; parallax_method=&#8221;off&#8221;][et_pb_row _builder_version=&#8221;3.25&#8243; module_alignment=&#8221;center&#8221; column_structure=&#8221;1_4,1_4,1_4,1_4&#8243;][et_pb_column type=&#8221;1_4&#8243; _builder_version=&#8221;3.25&#8243; custom_padding=&#8221;|||&#8221; custom_padding__hover=&#8221;|||&#8221;][et_pb_blurb title=&#8221;IR Global&#8221; image=&#8221;https:\/\/www.pamirlaw.com\/wp-content\/uploads\/IRGLOBAL_Logo_RGB.jpg&#8221; content_max_width=&#8221;1100px&#8221; icon_font_size=&#8221;40px&#8221; admin_label=&#8221;IR Global&#8221; _builder_version=&#8221;3.0.105&#8243; header_level=&#8221;h2&#8243; header_text_align=&#8221;center&#8221; header_font_size=&#8221;20&#8243; body_font_size=&#8221;16&#8243; body_line_height=&#8221;1.4em&#8221;]<\/p>\n<p>\nPamir es miembro de IR Global (&#8220;IR&#8221;), la red de firmas de servicios profesionales de m\u00e1s r\u00e1pido crecimiento en el mundo. Los miembros de IR brindan asesor\u00eda legal, contable y financiera a empresas y personas en 150 jurisdicciones. IR es reconocido mundialmente por ofrecer las soluciones m\u00e1s innovadoras dentro de la comunidad de asesores profesionales. Los miembros de IR est\u00e1n sujetos a un riguroso proceso de verificaci\u00f3n y todos son expertos en sus \u00e1reas espec\u00edficas de pr\u00e1ctica. Esto permite a los clientes obtener experiencia especializada de asesores de la m\u00e1s alta calidad.<\/p>\n<p>[\/et_pb_blurb][\/et_pb_column][et_pb_column type=&#8221;1_4&#8243; _builder_version=&#8221;3.25&#8243; custom_padding=&#8221;|||&#8221; custom_padding__hover=&#8221;|||&#8221;][et_pb_blurb title=&#8221;MSI Global Alliance&#8221; image=&#8221;https:\/\/www.pamirlaw.com\/wp-content\/uploads\/MSI-Logo-1.jpg&#8221; content_max_width=&#8221;1100px&#8221; icon_font_size=&#8221;40px&#8221; admin_label=&#8221;MSI&#8221; _builder_version=&#8221;3.18.2&#8243; header_level=&#8221;h2&#8243; header_text_align=&#8221;center&#8221; header_font_size=&#8221;20&#8243; body_font_size=&#8221;16&#8243; body_line_height=&#8221;1.4em&#8221;]Pamir Law Group es miembro de MSI en Taiw\u00e1n. Con una exitosa trayectoria de m\u00e1s de 25 a\u00f1os, MSI es una asociaci\u00f3n global de m\u00e1s de 250 firmas legales y contables independientes en m\u00e1s de 100 pa\u00edses.<\/p>\n<p>MSI Global Alliance re\u00fane a firmas con conocimiento y experiencia en una amplia gama de disciplinas. Proporcionan experiencia local y alcance global a una amplia variedad de clientes en muchas industrias diferentes.<\/p>\n<p>MSI selecciona cuidadosamente una firma miembro contable y legal de servicio completo en cada jurisdicci\u00f3n. Los miembros trabajan en estrecha colaboraci\u00f3n para brindar servicios integrados y multidisciplinarios para cumplir con las obligaciones legales de cada cliente.<br \/>\n[\/et_pb_blurb][\/et_pb_column][et_pb_column type=&#8221;1_4&#8243; _builder_version=&#8221;3.25&#8243; custom_padding=&#8221;|||&#8221; custom_padding__hover=&#8221;|||&#8221;][et_pb_blurb title=&#8221;Visalaw International&#8221; image=&#8221;https:\/\/www.pamirlaw.com\/wp-content\/uploads\/visalaw.jpg&#8221; content_max_width=&#8221;1100px&#8221; icon_font_size=&#8221;40px&#8221; admin_label=&#8221;Visalaw&#8221; _builder_version=&#8221;3.0.93&#8243; header_level=&#8221;h2&#8243; header_text_align=&#8221;center&#8221; header_font_size=&#8221;20&#8243; body_font_size=&#8221;16&#8243; body_line_height=&#8221;1.4em&#8221;]<\/p>\n<p>\nPamir Law Group es miembro de Visalaw International, la primera alianza mundial de abogados de inmigraci\u00f3n. Los abogados de Visalaw International son algunos de los abogados de inmigraci\u00f3n de negocios m\u00e1s reconocidos del mundo, y representan regularmente a las compa\u00f1\u00edas e individuos m\u00e1s grandes del mundo a trav\u00e9s de las complejas leyes de inmigraci\u00f3n en diferentes jurisdicciones.<\/p>\n<p>[\/et_pb_blurb][\/et_pb_column][et_pb_column type=&#8221;1_4&#8243; _builder_version=&#8221;3.25&#8243; custom_padding=&#8221;|||&#8221; custom_padding__hover=&#8221;|||&#8221;][et_pb_blurb title=&#8221;Legal Counsel International&#8221; image=&#8221;https:\/\/www.pamirlaw.com\/wp-content\/uploads\/LCI.jpg&#8221; content_max_width=&#8221;1100px&#8221; icon_font_size=&#8221;40px&#8221; admin_label=&#8221;LCI&#8221; _builder_version=&#8221;3.0.105&#8243; header_level=&#8221;h2&#8243; header_text_align=&#8221;center&#8221; header_font_size=&#8221;20&#8243; body_font_size=&#8221;16&#8243; body_line_height=&#8221;1.4em&#8221;]<\/p>\n<p>\nPamir Law Group es el miembro representativo de Legal Counsel International (LCI) para Taiw\u00e1n y China. LCI es una red de firmas profesionales que tienen una experiencia significativa y un enfoque pr\u00e1ctico para las transacciones comerciales internacionales y las empresas comerciales transfronterizas.<\/p>\n<p>Los miembros de LCI est\u00e1n dedicados a brindar soluciones legales y comerciales creativas con un alto grado de servicio personalizado a empresas, individuos y bufetes de abogados de todo el mundo.\n<\/p>\n<p>[\/et_pb_blurb][\/et_pb_column][\/et_pb_row][\/et_pb_section][et_pb_section fb_built=&#8221;1&#8243; _builder_version=&#8221;3.22&#8243; custom_margin=&#8221;0px||0px|&#8221; custom_padding=&#8221;0px||0px|&#8221; animation_style=&#8221;fold&#8221;][et_pb_row use_custom_gutter=&#8221;on&#8221; gutter_width=&#8221;1&#8243; make_equal=&#8221;on&#8221; module_class=&#8221;calltoactions et_pb_row_fullwidth&#8221; _builder_version=&#8221;3.25&#8243; width=&#8221;100%&#8221; width_tablet=&#8221;100%&#8221; width_last_edited=&#8221;on|desktop&#8221; max_width=&#8221;100%&#8221; max_width_tablet=&#8221;100%&#8221; max_width_last_edited=&#8221;on|desktop&#8221; module_alignment=&#8221;center&#8221; custom_margin=&#8221;0px|0px|0px|0px&#8221; custom_padding=&#8221;0px|0px|0px|0px&#8221; animation_style=&#8221;flip&#8221; make_fullwidth=&#8221;on&#8221; column_structure=&#8221;1_2,1_2&#8243;][et_pb_column type=&#8221;1_2&#8243; _builder_version=&#8221;3.25&#8243; background_color=&#8221;#EF6E01&#8243; custom_padding=&#8221;|||&#8221; custom_padding__hover=&#8221;|||&#8221;][et_pb_cta title=&#8221;Reconocimientos&#8221; button_url=&#8221;https:\/\/www.pamirlaw.com\/es\/reconocimientos\/&#8221; button_text=&#8221;Lee mas&#8221; admin_label=&#8221;Call To Action &#8211; Awards&#8221; _builder_version=&#8221;3.16&#8243; header_level=&#8221;h3&#8243; use_background_color=&#8221;off&#8221; custom_padding=&#8221;40px|40px|40px|40px&#8221; button_text_size__hover_enabled=&#8221;off&#8221; button_text_size__hover=&#8221;null&#8221; button_one_text_size__hover_enabled=&#8221;off&#8221; button_one_text_size__hover=&#8221;null&#8221; button_two_text_size__hover_enabled=&#8221;off&#8221; button_two_text_size__hover=&#8221;null&#8221; button_text_color__hover_enabled=&#8221;off&#8221; button_text_color__hover=&#8221;null&#8221; button_one_text_color__hover_enabled=&#8221;off&#8221; button_one_text_color__hover=&#8221;null&#8221; button_two_text_color__hover_enabled=&#8221;off&#8221; button_two_text_color__hover=&#8221;null&#8221; button_border_width__hover_enabled=&#8221;off&#8221; button_border_width__hover=&#8221;null&#8221; button_one_border_width__hover_enabled=&#8221;off&#8221; button_one_border_width__hover=&#8221;null&#8221; button_two_border_width__hover_enabled=&#8221;off&#8221; button_two_border_width__hover=&#8221;null&#8221; button_border_color__hover_enabled=&#8221;off&#8221; button_border_color__hover=&#8221;null&#8221; button_one_border_color__hover_enabled=&#8221;off&#8221; button_one_border_color__hover=&#8221;null&#8221; button_two_border_color__hover_enabled=&#8221;off&#8221; button_two_border_color__hover=&#8221;null&#8221; button_border_radius__hover_enabled=&#8221;off&#8221; button_border_radius__hover=&#8221;null&#8221; button_one_border_radius__hover_enabled=&#8221;off&#8221; button_one_border_radius__hover=&#8221;null&#8221; button_two_border_radius__hover_enabled=&#8221;off&#8221; button_two_border_radius__hover=&#8221;null&#8221; button_letter_spacing__hover_enabled=&#8221;off&#8221; button_letter_spacing__hover=&#8221;null&#8221; button_one_letter_spacing__hover_enabled=&#8221;off&#8221; button_one_letter_spacing__hover=&#8221;null&#8221; button_two_letter_spacing__hover_enabled=&#8221;off&#8221; button_two_letter_spacing__hover=&#8221;null&#8221; button_bg_color__hover_enabled=&#8221;off&#8221; button_bg_color__hover=&#8221;null&#8221; button_one_bg_color__hover_enabled=&#8221;off&#8221; button_one_bg_color__hover=&#8221;null&#8221; button_two_bg_color__hover_enabled=&#8221;off&#8221; button_two_bg_color__hover=&#8221;null&#8221;]<\/p>\n<p>\nLos profesionales de Pamir han sido reconocidos por su trabajo por publicaciones y organizaciones locales e internacionales.<\/p>\n<p>[\/et_pb_cta][\/et_pb_column][et_pb_column type=&#8221;1_2&#8243; _builder_version=&#8221;3.25&#8243; background_color=&#8221;#00719c&#8221; custom_padding=&#8221;|||&#8221; custom_padding__hover=&#8221;|||&#8221;][et_pb_cta title=&#8221;Publicaciones&#8221; button_url=&#8221;\/?cat_ID=109&#8243; button_text=&#8221;Lee mas&#8221; admin_label=&#8221;Call To Action &#8211; Publications&#8221; _builder_version=&#8221;3.16&#8243; header_level=&#8221;h3&#8243; use_background_color=&#8221;off&#8221; custom_padding=&#8221;40px|40px|40px|40px&#8221; button_text_size__hover_enabled=&#8221;off&#8221; button_text_size__hover=&#8221;null&#8221; button_one_text_size__hover_enabled=&#8221;off&#8221; button_one_text_size__hover=&#8221;null&#8221; button_two_text_size__hover_enabled=&#8221;off&#8221; button_two_text_size__hover=&#8221;null&#8221; button_text_color__hover_enabled=&#8221;off&#8221; button_text_color__hover=&#8221;null&#8221; button_one_text_color__hover_enabled=&#8221;off&#8221; button_one_text_color__hover=&#8221;null&#8221; button_two_text_color__hover_enabled=&#8221;off&#8221; button_two_text_color__hover=&#8221;null&#8221; button_border_width__hover_enabled=&#8221;off&#8221; button_border_width__hover=&#8221;null&#8221; button_one_border_width__hover_enabled=&#8221;off&#8221; button_one_border_width__hover=&#8221;null&#8221; button_two_border_width__hover_enabled=&#8221;off&#8221; button_two_border_width__hover=&#8221;null&#8221; button_border_color__hover_enabled=&#8221;off&#8221; button_border_color__hover=&#8221;null&#8221; button_one_border_color__hover_enabled=&#8221;off&#8221; button_one_border_color__hover=&#8221;null&#8221; button_two_border_color__hover_enabled=&#8221;off&#8221; button_two_border_color__hover=&#8221;null&#8221; button_border_radius__hover_enabled=&#8221;off&#8221; button_border_radius__hover=&#8221;null&#8221; button_one_border_radius__hover_enabled=&#8221;off&#8221; button_one_border_radius__hover=&#8221;null&#8221; button_two_border_radius__hover_enabled=&#8221;off&#8221; button_two_border_radius__hover=&#8221;null&#8221; button_letter_spacing__hover_enabled=&#8221;off&#8221; button_letter_spacing__hover=&#8221;null&#8221; button_one_letter_spacing__hover_enabled=&#8221;off&#8221; button_one_letter_spacing__hover=&#8221;null&#8221; button_two_letter_spacing__hover_enabled=&#8221;off&#8221; button_two_letter_spacing__hover=&#8221;null&#8221; button_bg_color__hover_enabled=&#8221;off&#8221; button_bg_color__hover=&#8221;null&#8221; button_one_bg_color__hover_enabled=&#8221;off&#8221; button_one_bg_color__hover=&#8221;null&#8221; button_two_bg_color__hover_enabled=&#8221;off&#8221; button_two_bg_color__hover=&#8221;null&#8221;]Haga clic aqu\u00ed para ver art\u00edculos, presentaciones y videos sobre negocios y temas legales en la regi\u00f3n por profesionales de Pamir.<br \/>\n[\/et_pb_cta][\/et_pb_column][\/et_pb_row][\/et_pb_section]<\/p>\n","protected":false},"excerpt":{"rendered":"<p>Alcance Mundial Adem\u00e1s de ofrecer un est\u00e1ndar de trabajo internacional a nuestros clientes, cooperamos estrechamente con varias redes mundiales de abogados talentosos y con capacidad internacional para ofrecer a nuestros clientes la &#8220;ventaja de local&#8221;. Pamir es miembro de IR Global (&#8220;IR&#8221;), la red de firmas de servicios profesionales de m\u00e1s r\u00e1pido crecimiento en el [&hellip;]<\/p>\n","protected":false},"author":2,"featured_media":0,"parent":0,"menu_order":0,"comment_status":"closed","ping_status":"closed","template":"","meta":{"_et_pb_use_builder":"on","_et_pb_old_content":"","_et_gb_content_width":"","om_disable_all_campaigns":false,"_monsterinsights_skip_tracking":false,"_monsterinsights_sitenote_active":false,"_monsterinsights_sitenote_note":"","_monsterinsights_sitenote_category":0},"aioseo_notices":[],"_links":{"self":[{"href":"https:\/\/www.pamirlaw.com\/es\/wp-json\/wp\/v2\/pages\/12979"}],"collection":[{"href":"https:\/\/www.pamirlaw.com\/es\/wp-json\/wp\/v2\/pages"}],"about":[{"href":"https:\/\/www.pamirlaw.com\/es\/wp-json\/wp\/v2\/types\/page"}],"author":[{"embeddable":true,"href":"https:\/\/www.pamirlaw.com\/es\/wp-json\/wp\/v2\/users\/2"}],"replies":[{"embeddable":true,"href":"https:\/\/www.pamirlaw.com\/es\/wp-json\/wp\/v2\/comments?post=12979"}],"version-history":[{"count":3,"href":"https:\/\/www.pamirlaw.com\/es\/wp-json\/wp\/v2\/pages\/12979\/revisions"}],"predecessor-version":[{"id":13332,"href":"https:\/\/www.pamirlaw.com\/es\/wp-json\/wp\/v2\/pages\/12979\/revisions\/13332"}],"wp:attachment":[{"href":"https:\/\/www.pamirlaw.com\/es\/wp-json\/wp\/v2\/media?parent=12979"}],"curies":[{"name":"wp","href":"https:\/\/api.w.org\/{rel}","templated":true}]}}