{"id":12987,"date":"2019-10-21T13:59:23","date_gmt":"2019-10-21T05:59:23","guid":{"rendered":"https:\/\/www.pamirlaw.com\/sobre-nosotros\/"},"modified":"2020-10-29T11:21:02","modified_gmt":"2020-10-29T03:21:02","slug":"acerca","status":"publish","type":"page","link":"https:\/\/www.pamirlaw.com\/es\/acerca\/","title":{"rendered":"Acerca de Nosotros"},"content":{"rendered":"<p>[et_pb_section fb_built=&#8221;1&#8243; module_class=&#8221;headerimg&#8221; _builder_version=&#8221;3.22&#8243; custom_margin=&#8221;0px|0px|0px|0px&#8221; custom_padding=&#8221;0px|0px|0px|0px&#8221;][et_pb_row column_structure=&#8221;1_3,2_3&#8243; use_custom_gutter=&#8221;on&#8221; gutter_width=&#8221;1&#8243; make_equal=&#8221;on&#8221; module_class=&#8221; et_pb_row_fullwidth et_pb_row_fullwidth&#8221; _builder_version=&#8221;3.25&#8243; width=&#8221;100%&#8221; width_tablet=&#8221;100%&#8221; width_phone=&#8221;&#8221; width_last_edited=&#8221;on|desktop&#8221; max_width=&#8221;100%&#8221; max_width_tablet=&#8221;100%&#8221; max_width_phone=&#8221;&#8221; max_width_last_edited=&#8221;on|desktop&#8221; custom_margin=&#8221;0px||0px|&#8221; custom_padding=&#8221;0px|0px|0px|0px&#8221; make_fullwidth=&#8221;on&#8221;][et_pb_column type=&#8221;1_3&#8243; _builder_version=&#8221;3.0.47&#8243; custom_padding=&#8221;|||&#8221; custom_padding__hover=&#8221;|||&#8221;][et_pb_image src=&#8221;https:\/\/www.pamirlaw.com\/wp-content\/uploads\/taipei.jpg&#8221; alt=&#8221;Acerca de Pamir Law Group&#8221; title_text=&#8221;Una firma legal y de negocios desde 2004 | Sobre Pamir Law Group&#8221; show_bottom_space=&#8221;off&#8221; force_fullwidth=&#8221;on&#8221; align_tablet=&#8221;center&#8221; align_phone=&#8221;&#8221; align_last_edited=&#8221;on|desktop&#8221; _builder_version=&#8221;3.23&#8243; animation_style=&#8221;fold&#8221;][\/et_pb_image][\/et_pb_column][et_pb_column type=&#8221;2_3&#8243; _builder_version=&#8221;3.0.47&#8243; background_color=&#8221;#00719c&#8221; custom_padding=&#8221;|||&#8221; custom_padding__hover=&#8221;|||&#8221;][et_pb_text admin_label=&#8221;TItle&#8221; _builder_version=&#8221;4.6.5&#8243; background_layout=&#8221;dark&#8221; custom_padding=&#8221;40px|40px|40px|40px&#8221; z_index_tablet=&#8221;500&#8243; text_text_shadow_horizontal_length_tablet=&#8221;0px&#8221; link_text_shadow_horizontal_length_tablet=&#8221;0px&#8221; link_text_shadow_vertical_length_tablet=&#8221;0px&#8221; link_text_shadow_blur_strength_tablet=&#8221;1px&#8221; ul_text_shadow_horizontal_length_tablet=&#8221;0px&#8221; ul_text_shadow_vertical_length_tablet=&#8221;0px&#8221; ul_text_shadow_blur_strength_tablet=&#8221;1px&#8221; ol_text_shadow_horizontal_length_tablet=&#8221;0px&#8221; ol_text_shadow_vertical_length_tablet=&#8221;0px&#8221; ol_text_shadow_blur_strength_tablet=&#8221;1px&#8221; quote_text_shadow_horizontal_length_tablet=&#8221;0px&#8221; quote_text_shadow_vertical_length_tablet=&#8221;0px&#8221; quote_text_shadow_blur_strength_tablet=&#8221;1px&#8221; header_text_shadow_horizontal_length_tablet=&#8221;0px&#8221; header_2_text_shadow_horizontal_length_tablet=&#8221;0px&#8221; header_2_text_shadow_vertical_length_tablet=&#8221;0px&#8221; header_2_text_shadow_blur_strength_tablet=&#8221;1px&#8221; header_3_text_shadow_horizontal_length_tablet=&#8221;0px&#8221; header_3_text_shadow_vertical_length_tablet=&#8221;0px&#8221; header_3_text_shadow_blur_strength_tablet=&#8221;1px&#8221; header_4_text_shadow_horizontal_length_tablet=&#8221;0px&#8221; header_4_text_shadow_vertical_length_tablet=&#8221;0px&#8221; header_4_text_shadow_blur_strength_tablet=&#8221;1px&#8221; header_5_text_shadow_horizontal_length_tablet=&#8221;0px&#8221; header_5_text_shadow_vertical_length_tablet=&#8221;0px&#8221; header_5_text_shadow_blur_strength_tablet=&#8221;1px&#8221; header_6_text_shadow_horizontal_length_tablet=&#8221;0px&#8221; header_6_text_shadow_vertical_length_tablet=&#8221;0px&#8221; header_6_text_shadow_blur_strength_tablet=&#8221;1px&#8221; box_shadow_horizontal_tablet=&#8221;0px&#8221; box_shadow_vertical_tablet=&#8221;0px&#8221; box_shadow_blur_tablet=&#8221;40px&#8221; box_shadow_spread_tablet=&#8221;0px&#8221;]<\/p>\n<h1 class=\"titlesep\" style=\"text-align: left;\">Acerca de Pamir Law Group<\/h1>\n<p style=\"text-align: left;\">Pamir Law Group provee servicios de consultor\u00eda legal y de negocios en Asia desde sus oficinas en Taip\u00e9i y Shangh\u00e1i. La firma tiene un historial demostrado de asesorar a sus clientes para implementar proyectos exitosos en una amplia gama de industrias en China y Taiwan.<\/p>\n<p>Pamir ha asesorado a clientes en una variedad de proyectos incluyendo entrada de mercado, asuntos estrat\u00e9gicos y operacionales, expansi\u00f3n de mercado, transacciones de M&#038;A, resoluci\u00f3n de conflictos, inversi\u00f3n y financiamiento de proyectos, cumplimiento de estatutos anticorrupci\u00f3n y manejo de crisis. <\/p>\n<p>Pamir tambi\u00e9n asesora a grupos familiares y profesionales de gesti\u00f3n de patrimonio en sus actividades de inversi\u00f3n y protecci\u00f3n de capital.<\/p>\n<p>[\/et_pb_text][\/et_pb_column][\/et_pb_row][\/et_pb_section][et_pb_section fb_built=&#8221;1&#8243; module_class=&#8221;topfeatures&#8221; _builder_version=&#8221;3.22&#8243; parallax=&#8221;on&#8221; parallax_method=&#8221;off&#8221; z_index_tablet=&#8221;500&#8243;][et_pb_row _builder_version=&#8221;3.25&#8243; module_alignment=&#8221;center&#8221;][et_pb_column type=&#8221;4_4&#8243; _builder_version=&#8221;3.0.47&#8243; custom_padding=&#8221;|||&#8221; custom_padding__hover=&#8221;|||&#8221;][et_pb_text _builder_version=&#8221;4.6.5&#8243; text_orientation=&#8221;justified&#8221; animation_style=&#8221;fade&#8221; hover_enabled=&#8221;0&#8243; z_index_tablet=&#8221;500&#8243; sticky_enabled=&#8221;0&#8243;]<\/p>\n<h2 style=\"text-align: left;\">Soluciones Legales y Comerciales Pr\u00e1cticas y Efectivas en China y Taiw\u00e1n<\/h2>\n<p>Nuestro equipo de profesionales multiling\u00fces puede cerrar la brecha entre las diferentes culturas empresariales y brindar asistencia a clientes en varios idiomas incluyendo chino (mandar\u00edn, taiwan\u00e9s) as\u00ed como japon\u00e9s, espa\u00f1ol, y franc\u00e9s.<\/p>\n<p>Nuestros clientes incluyen empresas multinacionales y basadas en Asia, bufetes legales y contables, grupos de inversionistas y empresas de capital privado, as\u00ed como grupos familiares de alto patrimonio.<\/p>\n<p>Frecuentemente colaboramos con firmas de derecho y contabilidad de Asia, Am\u00e9rica del Norte, Am\u00e9rica Latina y Europa en asuntos relacionados con sus clientes. Tambi\u00e9n hemos representado a varios grupos corporativos y familiares basados en China y Taiwan en sus actividades de inversi\u00f3n y migraci\u00f3n al exterior.<\/p>\n<p>Pamir es miembro de IR Global, la red de firmas de servicios profesionales de m\u00e1s r\u00e1pido crecimiento en el mundo; brindando asesor\u00eda legal, contable y financiera a empresas y personas en 150 jurisdicciones. Adem\u00e1s, Pamir trabaja con una red nacional de asesores independientes en China con talento y capacidad internacional.<\/p>\n<h2>Por qu\u00e9 Nuestros Clientes Eligen a Pamir<\/h2>\n<h4>Asesor\u00eda Integrada Legal y de Negocios Enfocada en el Crecimiento del Cliente<\/h4>\n<p>Brindamos soluciones estrat\u00e9gicas pr\u00e1cticas para respaldar el crecimiento y el \u00e9xito comercial de nuestros clientes.<\/p>\n<p>Hacemos esto al:<\/p>\n<ul>\n<li>Identificar, desarrollar, priorizar y definir objetivos comerciales claros para las partes interesadas antes de redactar documentos. El cliente est\u00e1 siempre en el asiento del conductor.<\/li>\n<li>Formar equipos de manera proactiva con clientes para identificar, asegurar y maximizar oportunidades y beneficios.<\/li>\n<li>Cooperar con clientes para adaptar las soluciones a sus necesidades particulares a medida que evolucionan.<\/li>\n<\/ul>\n<h4>Comunicaci\u00f3n Efectiva<\/h4>\n<p>Nos esforzamos por ser buenos oyentes. Nos esforzamos por comprender sus objetivos para hacer las preguntas correctas para obtener las respuestas correctas.<\/p>\n<p>Hacemos esto al:<\/p>\n<ul>\n<li>Completar un an\u00e1lisis preciso de la situaci\u00f3n, a menudo visualmente, con im\u00e1genes, cuadros y vi\u00f1etas.<\/li>\n<li>Identificar los objetivos de todas las partes involucradas.<\/li>\n<li>Comprender los imperativos regulatorios y de negocios relevantes.<\/li>\n<li>Mapear la situaci\u00f3n actual, partes interesadas y opciones estrat\u00e9gicas para asegurar que todo se tenga en cuenta.<\/li>\n<li>Desarrollar un presupuesto de costos, tiempo y entregables<\/li>\n<li>Monitorear implementaci\u00f3n.<\/li>\n<\/ul>\n<h4>Ventaja de Local<\/h4>\n<p>Las lecciones simples de la infancia son a menudo profundamente sabias. Al cruzar la calle lejos de su casa, mire en todas direcciones y tome la mano de alguien del vecindario. Con un historial probado y d\u00e9cadas de \u00e9xito en China y Taiw\u00e1n, Pamir ofrece:<\/p>\n<ul>\n<li>Una familiaridad \u00edntima con las tendencias legales y comerciales existentes y pendientes en la regi\u00f3n.<\/li>\n<li>Entendimiento de los procesos de toma de decisiones, aprobaci\u00f3n e implementaci\u00f3n, y la capacidad de coordinar m\u00faltiples burocracias.<\/li>\n<li>Una perspectiva a largo plazo sobre las principales tendencias pol\u00edticas y econ\u00f3micas de la regi\u00f3n<\/li>\n<li>Una red de asesores locales e internacionales, expertos en viabilidad y relaciones gubernamentales desarrolladas durante tres d\u00e9cadas, la cual a menudo es cr\u00edtica para el \u00e9xito del proyecto del cliente.<\/li>\n<\/ul>\n<h4>Enfoque en Resultados<\/h4>\n<ul>\n<li>Somos asesores de confianza de ejecutivos de corporaciones multinacionales, grupos familiares privados e inversionistas privados e institucionales.<\/li>\n<li>Nuestros clientes nos caracterizan no solo como sus abogados y asesores, sino tambi\u00e9n como sus &#8220;m\u00e9dicos de familia&#8221;, &#8220;socios&#8221;, &#8220;guardaespaldas&#8221; y &#8220;consiglieri&#8221;.<\/li>\n<li>Somos el equipo adecuado para los casos de importancia cr\u00edtica, cuando el cliente necesita ganar, responder de manera efectiva a una crisis, planificar\/implementar una estrategia cr\u00edtica para hacer crecer el negocio al siguiente nivel, proteger su propiedad intelectual , asegurar financiamiento, cerrar la brecha con la contraparte, cambiar la ley o asegurar las aprobaciones necesarias, ingresar exitosamente a un nuevo mercado, embarcarse en un nuevo proyecto o diversificarse en una nueva industria \/ sector.<\/li>\n<\/ul>\n<h4>Enfoque en Efectividad de Costos<\/h4>\n<p>Proporcionamos soluciones rentables al &#8220;hacer las cosas bien&#8221; la primera vez.<\/p>\n<p>Hacemos esto al:<\/p>\n<ul>\n<li>Escuchar activamente para desarrollar una evaluaci\u00f3n situacional precisa considerando todas las perspectivas posibles<\/li>\n<li>Eliminar el tiempo perdido al definir claramente los objetivos comerciales y el alcance del proyecto antes de empezar a redactar documentos legales<\/li>\n<li>Proporcionar presupuestos basados en el valor agregado de los objetivos alcanzados, en lugar del tiempo empleado.<\/li>\n<li>Crear un equipo que se ajuste a la perfecci\u00f3n para cada tarea a realizar.<\/li>\n<\/ul>\n<p>[\/et_pb_text][\/et_pb_column][\/et_pb_row][\/et_pb_section][et_pb_section fb_built=&#8221;1&#8243; _builder_version=&#8221;4.6.5&#8243; background_color=&#8221;#efefef&#8221; custom_margin=&#8221;0px|0px|0px|0px&#8221; custom_padding=&#8221;0px|0px|0px|0px&#8221; hover_enabled=&#8221;0&#8243; sticky_enabled=&#8221;0&#8243;][et_pb_row column_structure=&#8221;1_3,2_3&#8243; use_custom_gutter=&#8221;on&#8221; gutter_width=&#8221;1&#8243; make_equal=&#8221;on&#8221; module_class=&#8221; et_pb_row_fullwidth et_pb_row_fullwidth et_pb_row_fullwidth et_pb_row_fullwidth et_pb_row_fullwidth et_pb_row_fullwidth et_pb_row_fullwidth et_pb_row_fullwidth et_pb_row_fullwidth et_pb_row_fullwidth et_pb_row_fullwidth et_pb_row_fullwidth et_pb_row_fullwidth et_pb_row_fullwidth et_pb_row_fullwidth et_pb_row_fullwidth et_pb_row_fullwidth et_pb_row_fullwidth et_pb_row_fullwidth et_pb_row_fullwidth et_pb_row_fullwidth et_pb_row_fullwidth et_pb_row_fullwidth et_pb_row_fullwidth et_pb_row_fullwidth et_pb_row_fullwidth et_pb_row_fullwidth et_pb_row_fullwidth et_pb_row_fullwidth et_pb_row_fullwidth et_pb_row_fullwidth et_pb_row_fullwidth et_pb_row_fullwidth et_pb_row_fullwidth et_pb_row_fullwidth et_pb_row_fullwidth et_pb_row_fullwidth et_pb_row_fullwidth et_pb_row_fullwidth et_pb_row_fullwidth et_pb_row_fullwidth et_pb_row_fullwidth et_pb_row_fullwidth et_pb_row_fullwidth et_pb_row_fullwidth et_pb_row_fullwidth et_pb_row_fullwidth et_pb_row_fullwidth et_pb_row_fullwidth et_pb_row_fullwidth et_pb_row_fullwidth et_pb_row_fullwidth et_pb_row_fullwidth et_pb_row_fullwidth et_pb_row_fullwidth et_pb_row_fullwidth et_pb_row_fullwidth et_pb_row_fullwidth et_pb_row_fullwidth et_pb_row_fullwidth et_pb_row_fullwidth et_pb_row_fullwidth et_pb_row_fullwidth et_pb_row_fullwidth et_pb_row_fullwidth et_pb_row_fullwidth et_pb_row_fullwidth et_pb_row_fullwidth et_pb_row_fullwidth et_pb_row_fullwidth et_pb_row_fullwidth et_pb_row_fullwidth et_pb_row_fullwidth et_pb_row_fullwidth et_pb_row_fullwidth et_pb_row_fullwidth et_pb_row_fullwidth et_pb_row_fullwidth et_pb_row_fullwidth et_pb_row_fullwidth et_pb_row_fullwidth et_pb_row_fullwidth et_pb_row_fullwidth et_pb_row_fullwidth et_pb_row_fullwidth et_pb_row_fullwidth et_pb_row_fullwidth et_pb_row_fullwidth et_pb_row_fullwidth et_pb_row_fullwidth et_pb_row_fullwidth et_pb_row_fullwidth et_pb_row_fullwidth et_pb_row_fullwidth et_pb_row_fullwidth et_pb_row_fullwidth et_pb_row_fullwidth et_pb_row_fullwidth et_pb_row_fullwidth et_pb_row_fullwidth et_pb_row_fullwidth et_pb_row_fullwidth et_pb_row_fullwidth et_pb_row_fullwidth et_pb_row_fullwidth et_pb_row_fullwidth et_pb_row_fullwidth et_pb_row_fullwidth et_pb_row_fullwidth et_pb_row_fullwidth et_pb_row_fullwidth et_pb_row_fullwidth et_pb_row_fullwidth et_pb_row_fullwidth et_pb_row_fullwidth et_pb_row_fullwidth et_pb_row_fullwidth et_pb_row_fullwidth et_pb_row_fullwidth et_pb_row_fullwidth et_pb_row_fullwidth et_pb_row_fullwidth et_pb_row_fullwidth et_pb_row_fullwidth et_pb_row_fullwidth et_pb_row_fullwidth et_pb_row_fullwidth et_pb_row_fullwidth et_pb_row_fullwidth et_pb_row_fullwidth et_pb_row_fullwidth et_pb_row_fullwidth et_pb_row_fullwidth et_pb_row_fullwidth et_pb_row_fullwidth et_pb_row_fullwidth et_pb_row_fullwidth et_pb_row_fullwidth et_pb_row_fullwidth et_pb_row_fullwidth et_pb_row_fullwidth et_pb_row_fullwidth et_pb_row_fullwidth et_pb_row_fullwidth et_pb_row_fullwidth et_pb_row_fullwidth et_pb_row_fullwidth et_pb_row_fullwidth et_pb_row_fullwidth et_pb_row_fullwidth&#8221; _builder_version=&#8221;4.6.5&#8243; background_size=&#8221;initial&#8221; background_position=&#8221;top_left&#8221; background_repeat=&#8221;repeat&#8221; width=&#8221;100%&#8221; width_tablet=&#8221;100%&#8221; width_phone=&#8221;&#8221; width_last_edited=&#8221;on|desktop&#8221; max_width=&#8221;100%&#8221; max_width_tablet=&#8221;100%&#8221; max_width_phone=&#8221;&#8221; max_width_last_edited=&#8221;on|desktop&#8221; custom_padding=&#8221;0px|0px|0px|0px&#8221; hover_enabled=&#8221;0&#8243; make_fullwidth=&#8221;on&#8221; sticky_enabled=&#8221;0&#8243;][et_pb_column type=&#8221;1_3&#8243; _builder_version=&#8221;4.6.5&#8243; background_image=&#8221;https:\/\/www.pamirlaw.com\/wp-content\/uploads\/contact-us.jpg&#8221; custom_padding=&#8221;|||&#8221; hover_enabled=&#8221;0&#8243; custom_padding__hover=&#8221;|||&#8221; sticky_enabled=&#8221;0&#8243;][\/et_pb_column][et_pb_column type=&#8221;2_3&#8243; _builder_version=&#8221;4.6.5&#8243; background_color=&#8221;#efefef&#8221; custom_padding=&#8221;|||&#8221; hover_enabled=&#8221;0&#8243; custom_padding__hover=&#8221;|||&#8221; sticky_enabled=&#8221;0&#8243;][\/et_pb_column][\/et_pb_row][\/et_pb_section][et_pb_section fb_built=&#8221;1&#8243; _builder_version=&#8221;3.22&#8243; custom_margin=&#8221;0px||0px|&#8221; custom_padding=&#8221;0px||0px|&#8221; animation_style=&#8221;fold&#8221;][et_pb_row column_structure=&#8221;1_2,1_2&#8243; use_custom_gutter=&#8221;on&#8221; gutter_width=&#8221;1&#8243; make_equal=&#8221;on&#8221; module_class=&#8221;calltoactions et_pb_row_fullwidth et_pb_row_fullwidth&#8221; _builder_version=&#8221;3.25&#8243; width=&#8221;100%&#8221; width_tablet=&#8221;100%&#8221; width_phone=&#8221;&#8221; width_last_edited=&#8221;on|desktop&#8221; max_width=&#8221;100%&#8221; max_width_tablet=&#8221;100%&#8221; max_width_phone=&#8221;&#8221; max_width_last_edited=&#8221;on|desktop&#8221; module_alignment=&#8221;center&#8221; custom_margin=&#8221;0px||0px|&#8221; custom_padding=&#8221;0px|0px|0px|0px&#8221; animation_style=&#8221;flip&#8221; make_fullwidth=&#8221;on&#8221;][et_pb_column type=&#8221;1_2&#8243; _builder_version=&#8221;3.0.47&#8243; background_color=&#8221;#EF6E01&#8243; custom_padding=&#8221;|||&#8221; custom_padding__hover=&#8221;|||&#8221;][et_pb_cta title=&#8221;Reconocimientos&#8221; button_url=&#8221;https:\/\/www.pamirlaw.com\/es\/reconocimientos\/&#8221; button_text=&#8221;Mas&#8221; admin_label=&#8221;Call To Action &#8211; Awards&#8221; _builder_version=&#8221;3.16&#8243; header_level=&#8221;h3&#8243; use_background_color=&#8221;off&#8221; custom_padding=&#8221;40px|40px|40px|40px&#8221; button_text_size__hover_enabled=&#8221;off&#8221; button_text_size__hover=&#8221;null&#8221; button_one_text_size__hover_enabled=&#8221;off&#8221; button_one_text_size__hover=&#8221;null&#8221; button_two_text_size__hover_enabled=&#8221;off&#8221; button_two_text_size__hover=&#8221;null&#8221; button_text_color__hover_enabled=&#8221;off&#8221; button_text_color__hover=&#8221;null&#8221; button_one_text_color__hover_enabled=&#8221;off&#8221; button_one_text_color__hover=&#8221;null&#8221; button_two_text_color__hover_enabled=&#8221;off&#8221; button_two_text_color__hover=&#8221;null&#8221; button_border_width__hover_enabled=&#8221;off&#8221; button_border_width__hover=&#8221;null&#8221; button_one_border_width__hover_enabled=&#8221;off&#8221; button_one_border_width__hover=&#8221;null&#8221; button_two_border_width__hover_enabled=&#8221;off&#8221; button_two_border_width__hover=&#8221;null&#8221; button_border_color__hover_enabled=&#8221;off&#8221; button_border_color__hover=&#8221;null&#8221; button_one_border_color__hover_enabled=&#8221;off&#8221; button_one_border_color__hover=&#8221;null&#8221; button_two_border_color__hover_enabled=&#8221;off&#8221; button_two_border_color__hover=&#8221;null&#8221; button_border_radius__hover_enabled=&#8221;off&#8221; button_border_radius__hover=&#8221;null&#8221; button_one_border_radius__hover_enabled=&#8221;off&#8221; button_one_border_radius__hover=&#8221;null&#8221; button_two_border_radius__hover_enabled=&#8221;off&#8221; button_two_border_radius__hover=&#8221;null&#8221; button_letter_spacing__hover_enabled=&#8221;off&#8221; button_letter_spacing__hover=&#8221;null&#8221; button_one_letter_spacing__hover_enabled=&#8221;off&#8221; button_one_letter_spacing__hover=&#8221;null&#8221; button_two_letter_spacing__hover_enabled=&#8221;off&#8221; button_two_letter_spacing__hover=&#8221;null&#8221; button_bg_color__hover_enabled=&#8221;off&#8221; button_bg_color__hover=&#8221;null&#8221; button_one_bg_color__hover_enabled=&#8221;off&#8221; button_one_bg_color__hover=&#8221;null&#8221; button_two_bg_color__hover_enabled=&#8221;off&#8221; button_two_bg_color__hover=&#8221;null&#8221;]<\/p>\n<p>\nLos profesionales de Pamir han sido reconocidos por su trabajo por publicaciones y organizaciones locales e internacionales.<\/p>\n<p>[\/et_pb_cta][\/et_pb_column][et_pb_column type=&#8221;1_2&#8243; _builder_version=&#8221;3.0.47&#8243; background_color=&#8221;#00719c&#8221; custom_padding=&#8221;|||&#8221; custom_padding__hover=&#8221;|||&#8221;][et_pb_cta title=&#8221;Publicaciones&#8221; button_url=&#8221;\/?cat_ID=109&#8243; button_text=&#8221;Mas&#8221; admin_label=&#8221;Call To Action &#8211; Publications&#8221; _builder_version=&#8221;3.16&#8243; header_level=&#8221;h3&#8243; use_background_color=&#8221;off&#8221; custom_padding=&#8221;40px|40px|40px|40px&#8221; button_text_size__hover_enabled=&#8221;off&#8221; button_text_size__hover=&#8221;null&#8221; button_one_text_size__hover_enabled=&#8221;off&#8221; button_one_text_size__hover=&#8221;null&#8221; button_two_text_size__hover_enabled=&#8221;off&#8221; button_two_text_size__hover=&#8221;null&#8221; button_text_color__hover_enabled=&#8221;off&#8221; button_text_color__hover=&#8221;null&#8221; button_one_text_color__hover_enabled=&#8221;off&#8221; button_one_text_color__hover=&#8221;null&#8221; button_two_text_color__hover_enabled=&#8221;off&#8221; button_two_text_color__hover=&#8221;null&#8221; button_border_width__hover_enabled=&#8221;off&#8221; button_border_width__hover=&#8221;null&#8221; button_one_border_width__hover_enabled=&#8221;off&#8221; button_one_border_width__hover=&#8221;null&#8221; button_two_border_width__hover_enabled=&#8221;off&#8221; button_two_border_width__hover=&#8221;null&#8221; button_border_color__hover_enabled=&#8221;off&#8221; button_border_color__hover=&#8221;null&#8221; button_one_border_color__hover_enabled=&#8221;off&#8221; button_one_border_color__hover=&#8221;null&#8221; button_two_border_color__hover_enabled=&#8221;off&#8221; button_two_border_color__hover=&#8221;null&#8221; button_border_radius__hover_enabled=&#8221;off&#8221; button_border_radius__hover=&#8221;null&#8221; button_one_border_radius__hover_enabled=&#8221;off&#8221; button_one_border_radius__hover=&#8221;null&#8221; button_two_border_radius__hover_enabled=&#8221;off&#8221; button_two_border_radius__hover=&#8221;null&#8221; button_letter_spacing__hover_enabled=&#8221;off&#8221; button_letter_spacing__hover=&#8221;null&#8221; button_one_letter_spacing__hover_enabled=&#8221;off&#8221; button_one_letter_spacing__hover=&#8221;null&#8221; button_two_letter_spacing__hover_enabled=&#8221;off&#8221; button_two_letter_spacing__hover=&#8221;null&#8221; button_bg_color__hover_enabled=&#8221;off&#8221; button_bg_color__hover=&#8221;null&#8221; button_one_bg_color__hover_enabled=&#8221;off&#8221; button_one_bg_color__hover=&#8221;null&#8221; button_two_bg_color__hover_enabled=&#8221;off&#8221; button_two_bg_color__hover=&#8221;null&#8221;]Haga clic aqu\u00ed para ver art\u00edculos, presentaciones y videos sobre negocios y temas legales en la regi\u00f3n por profesionales de Pamir.<br \/>\n[\/et_pb_cta][\/et_pb_column][\/et_pb_row][\/et_pb_section]<\/p>\n","protected":false},"excerpt":{"rendered":"<p>Acerca de Pamir Law GroupPamir Law Group provee servicios de consultor\u00eda legal y de negocios en Asia desde sus oficinas en Taip\u00e9i y Shangh\u00e1i. La firma tiene un historial demostrado de asesorar a sus clientes para implementar proyectos exitosos en una amplia gama de industrias en China y Taiwan.Pamir ha asesorado a clientes en una [&hellip;]<\/p>\n","protected":false},"author":2,"featured_media":0,"parent":0,"menu_order":0,"comment_status":"closed","ping_status":"closed","template":"","meta":{"_et_pb_use_builder":"on","_et_pb_old_content":"","_et_gb_content_width":"","om_disable_all_campaigns":false,"_monsterinsights_skip_tracking":false,"_monsterinsights_sitenote_active":false,"_monsterinsights_sitenote_note":"","_monsterinsights_sitenote_category":0},"aioseo_notices":[],"_links":{"self":[{"href":"https:\/\/www.pamirlaw.com\/es\/wp-json\/wp\/v2\/pages\/12987"}],"collection":[{"href":"https:\/\/www.pamirlaw.com\/es\/wp-json\/wp\/v2\/pages"}],"about":[{"href":"https:\/\/www.pamirlaw.com\/es\/wp-json\/wp\/v2\/types\/page"}],"author":[{"embeddable":true,"href":"https:\/\/www.pamirlaw.com\/es\/wp-json\/wp\/v2\/users\/2"}],"replies":[{"embeddable":true,"href":"https:\/\/www.pamirlaw.com\/es\/wp-json\/wp\/v2\/comments?post=12987"}],"version-history":[{"count":7,"href":"https:\/\/www.pamirlaw.com\/es\/wp-json\/wp\/v2\/pages\/12987\/revisions"}],"predecessor-version":[{"id":13329,"href":"https:\/\/www.pamirlaw.com\/es\/wp-json\/wp\/v2\/pages\/12987\/revisions\/13329"}],"wp:attachment":[{"href":"https:\/\/www.pamirlaw.com\/es\/wp-json\/wp\/v2\/media?parent=12987"}],"curies":[{"name":"wp","href":"https:\/\/api.w.org\/{rel}","templated":true}]}}