{"id":13178,"date":"2019-05-03T16:03:22","date_gmt":"2019-05-03T08:03:22","guid":{"rendered":"https:\/\/www.pamirlaw.com\/commercial-contracts\/"},"modified":"2020-10-29T11:46:18","modified_gmt":"2020-10-29T03:46:18","slug":"contratos-comerciales","status":"publish","type":"page","link":"https:\/\/www.pamirlaw.com\/es\/contratos-comerciales\/","title":{"rendered":"Contratos Comerciales"},"content":{"rendered":"<blockquote><p>La negociaci\u00f3n y redacci\u00f3n de contratos comerciales con t\u00e9rminos claros, concisos y balanceados es la manera m\u00e1s efectiva de proteger la reputaci\u00f3n de su compa\u00f1\u00eda, as\u00ed como sus mercados, relaciones con clientes y proveedores. El uso de contratos balanceados tambi\u00e9n ayuda a eliminar o reducir la incidencia de disputas comerciales y sus costos asociados, ya que como dice el dicho, \u201cm\u00e1s vale prevenir que lamentar\u201d<\/p><\/blockquote>\n<p>Nuestro equipo de abogados y consultores tiene amplia experiencia asistiendo a clientes extranjeros en la negociaci\u00f3n y redacci\u00f3n de contratos comerciales en China y Taiwan para documentar una variedad de arreglos comerciales, incluyendo:<\/p>\n<p>&nbsp;<\/p>\n<ul>\n<li>Empresas Conjuntas (Joint Ventures)<\/li>\n<li>Contratos en Transacciones de Fusiones y Adquisiciones<\/li>\n<li>Contratos de Compra\/Venta<\/li>\n<li>Arriendos<\/li>\n<li>Contratos de Empleo<\/li>\n<li>Contratos de Confidencialidad (NDA)<\/li>\n<li>Contratos de No-Competencia<\/li>\n<li>Programas de Opci\u00f3n de Compra de Acciones Para Empleados (ESOP)<\/li>\n<li>Contratos Entre Accionistas<\/li>\n<li>Opciones de Compra\/Venta de Acciones (Put\/Call)<\/li>\n<li>Transferencia de Acciones<\/li>\n<li>Contratos de Comisiones y Pagos de Intermediaci\u00f3n<\/li>\n<li>Contratos de Prestamos\/Cr\u00e9ditos y Garant\u00edas Relacionadas<\/li>\n<li>Acuerdos de Fideicomiso\/Custodia\/Plica\/ Garant\u00eda Bloqueada<\/li>\n<li>Contratos de Suministro y Distribuci\u00f3n<\/li>\n<li>Acuerdos de Compartimiento de Costos<\/li>\n<li>Acuerdos de Agencia<\/li>\n<li>Contratos de Franquicia<\/li>\n<li>Contratos de Provisi\u00f3n de Servicios<\/li>\n<\/ul>\n","protected":false},"excerpt":{"rendered":"<p>Negotiating and signing clear and balanced commercial contracts is the most effective way to protect your company\u2019s reputation, revenues, markets and customer relationships and avoid liabilities, future trade disputes, uncollected accounts receivables, reputation-damaging publicity, and claims of breach of contract and poor quality control. As the old saying goes \u2018an ounce of prevention is worth a pound of cure\u2019.<\/p>\n","protected":false},"author":2,"featured_media":0,"parent":0,"menu_order":0,"comment_status":"closed","ping_status":"closed","template":"","meta":{"_et_pb_use_builder":"","_et_pb_old_content":"","_et_gb_content_width":"","om_disable_all_campaigns":false,"_monsterinsights_skip_tracking":false,"_monsterinsights_sitenote_active":false,"_monsterinsights_sitenote_note":"","_monsterinsights_sitenote_category":0},"aioseo_notices":[],"_links":{"self":[{"href":"https:\/\/www.pamirlaw.com\/es\/wp-json\/wp\/v2\/pages\/13178"}],"collection":[{"href":"https:\/\/www.pamirlaw.com\/es\/wp-json\/wp\/v2\/pages"}],"about":[{"href":"https:\/\/www.pamirlaw.com\/es\/wp-json\/wp\/v2\/types\/page"}],"author":[{"embeddable":true,"href":"https:\/\/www.pamirlaw.com\/es\/wp-json\/wp\/v2\/users\/2"}],"replies":[{"embeddable":true,"href":"https:\/\/www.pamirlaw.com\/es\/wp-json\/wp\/v2\/comments?post=13178"}],"version-history":[{"count":4,"href":"https:\/\/www.pamirlaw.com\/es\/wp-json\/wp\/v2\/pages\/13178\/revisions"}],"predecessor-version":[{"id":13349,"href":"https:\/\/www.pamirlaw.com\/es\/wp-json\/wp\/v2\/pages\/13178\/revisions\/13349"}],"wp:attachment":[{"href":"https:\/\/www.pamirlaw.com\/es\/wp-json\/wp\/v2\/media?parent=13178"}],"curies":[{"name":"wp","href":"https:\/\/api.w.org\/{rel}","templated":true}]}}