{"id":13185,"date":"2019-06-15T13:27:01","date_gmt":"2019-06-15T05:27:01","guid":{"rendered":"https:\/\/www.pamirlaw.com\/cross-border-investment\/"},"modified":"2020-05-13T15:45:33","modified_gmt":"2020-05-13T07:45:33","slug":"asesorias-para-inversiones-transfronterizas","status":"publish","type":"page","link":"https:\/\/www.pamirlaw.com\/es\/asesorias-para-inversiones-transfronterizas\/","title":{"rendered":"Asesor\u00edas Para Inversiones Transfronterizas"},"content":{"rendered":"<blockquote><p>Nuestro equipo de consultores y abogados asesoran a nuestros clientes en una amplia gamas de situaciones que se presentan durante muchas inversiones transfronterizas con un componente en China o Taiwan, incluyendo:<\/p><\/blockquote>\n<ul>\n<li>Negociaci\u00f3n y Creaci\u00f3n de Empresas Conjuntas (Equity Joint Ventures\/Contractual Joint Ventures)<\/li>\n<li><a href=\"https:\/\/www.pamirlaw.com\/es\/fusiones-y-adquisiciones\/\">Fusiones y Adquisiciones Transfronterizas<\/a><\/li>\n<li><a href=\"https:\/\/www.pamirlaw.com\/es\/capital-privado-y-capital-de-riesgo\/\">Transacciones de Capital Riesgo y Capital Privado<\/a><\/li>\n<li><a href=\"https:\/\/www.pamirlaw.com\/es\/cumplimiento-regulatorio\/\">Permisos y Licencias Gubernamentales<\/a><\/li>\n<li>Establecimiento de compa\u00f1\u00edas (WFOE en China, FIA en Taiwan)<\/li>\n<li>Establecimiento de Sucursales (Branch Office) y Oficinas Representativas<\/li>\n<li>Dise\u00f1o y Ejecuci\u00f3n de Proyectos de Inversi\u00f3n Extranjera Directa (\u201cIED\u201d)<\/li>\n<li>Veh\u00edculos de Prop\u00f3sito Especial Para Contener Inversiones en China y Taiwan<\/li>\n<li>Planeaci\u00f3n de Tratados de Doble Tributaci\u00f3n<\/li>\n<li>Obtenci\u00f3n de Subsidios y Otros Incentivos a la Inversi\u00f3n Extranjera<\/li>\n<li><a href=\"https:\/\/www.pamirlaw.com\/es\/human-resource-management\/\">Empleo y Compensaci\u00f3n<\/a><\/li>\n<\/ul>\n<p>Para cualquier consulta especifica favor llenar el formulario de contacto en esta p\u00e1gina para organizar una sesi\u00f3n de consulta gratuita.<\/p>\n","protected":false},"excerpt":{"rendered":"<p>Pamir Law Group advises clients on a broad range of issues for outbound and inbound cross border investments in China and Taiwan.<\/p>\n","protected":false},"author":2,"featured_media":0,"parent":0,"menu_order":0,"comment_status":"closed","ping_status":"closed","template":"","meta":{"_et_pb_use_builder":"","_et_pb_old_content":"","_et_gb_content_width":"","om_disable_all_campaigns":false,"_monsterinsights_skip_tracking":false,"_monsterinsights_sitenote_active":false,"_monsterinsights_sitenote_note":"","_monsterinsights_sitenote_category":0},"aioseo_notices":[],"_links":{"self":[{"href":"https:\/\/www.pamirlaw.com\/es\/wp-json\/wp\/v2\/pages\/13185"}],"collection":[{"href":"https:\/\/www.pamirlaw.com\/es\/wp-json\/wp\/v2\/pages"}],"about":[{"href":"https:\/\/www.pamirlaw.com\/es\/wp-json\/wp\/v2\/types\/page"}],"author":[{"embeddable":true,"href":"https:\/\/www.pamirlaw.com\/es\/wp-json\/wp\/v2\/users\/2"}],"replies":[{"embeddable":true,"href":"https:\/\/www.pamirlaw.com\/es\/wp-json\/wp\/v2\/comments?post=13185"}],"version-history":[{"count":3,"href":"https:\/\/www.pamirlaw.com\/es\/wp-json\/wp\/v2\/pages\/13185\/revisions"}],"predecessor-version":[{"id":13188,"href":"https:\/\/www.pamirlaw.com\/es\/wp-json\/wp\/v2\/pages\/13185\/revisions\/13188"}],"wp:attachment":[{"href":"https:\/\/www.pamirlaw.com\/es\/wp-json\/wp\/v2\/media?parent=13185"}],"curies":[{"name":"wp","href":"https:\/\/api.w.org\/{rel}","templated":true}]}}