{"id":13189,"date":"2018-01-09T23:50:52","date_gmt":"2018-01-09T17:50:52","guid":{"rendered":"https:\/\/www.pamirlaw.com\/corporate-services\/"},"modified":"2020-05-13T16:53:06","modified_gmt":"2020-05-13T08:53:06","slug":"servicios-legales-para-companias-multinacionales-y-pymes","status":"publish","type":"page","link":"https:\/\/www.pamirlaw.com\/es\/servicios-legales-para-companias-multinacionales-y-pymes\/","title":{"rendered":"Servicios Legales para Compa\u00f1\u00edas Multinacionales y PYMES"},"content":{"rendered":"<p>[et_pb_section bb_built=&#8221;1&#8243; fullwidth=&#8221;off&#8221; specialty=&#8221;off&#8221; _builder_version=&#8221;3.0.93&#8243; custom_margin=&#8221;0px|0px|0px|0px&#8221; custom_padding=&#8221;0px|0px|0px|0px&#8221; module_class=&#8221;headerimg&#8221; next_background_color=&#8221;#000000&#8243; inner_width=&#8221;auto&#8221; inner_max_width=&#8221;none&#8221;][et_pb_row _builder_version=&#8221;3.0.93&#8243; make_fullwidth=&#8221;on&#8221; use_custom_gutter=&#8221;on&#8221; gutter_width=&#8221;1&#8243; make_equal=&#8221;on&#8221; custom_margin=&#8221;0px||0px|&#8221; custom_padding=&#8221;0px|0px|0px|0px&#8221; background_color_2=&#8221;#00719c&#8221; custom_margin_last_edited=&#8221;on|phone&#8221; module_class=&#8221; et_pb_row_fullwidth et_pb_row_fullwidth et_pb_row_fullwidth et_pb_row_fullwidth&#8221; width=&#8221;100%&#8221; width_tablet=&#8221;100%&#8221; width_last_edited=&#8221;on|desktop&#8221; max_width=&#8221;100%&#8221; max_width_tablet=&#8221;100%&#8221; max_width_last_edited=&#8221;on|desktop&#8221;][et_pb_column type=&#8221;1_3&#8243;][et_pb_image _builder_version=&#8221;3.4.1&#8243; src=&#8221;https:\/\/www.pamirlaw.com\/wp-content\/uploads\/audience-corporate.jpg&#8221; force_fullwidth=&#8221;on&#8221; show_bottom_space=&#8221;off&#8221; animation_style=&#8221;fold&#8221; alt=&#8221;Servicios Para Empresas&#8221; title_text=&#8221;Servicios Para Empresas&#8221; \/][\/et_pb_column][et_pb_column type=&#8221;2_3&#8243;][et_pb_text admin_label=&#8221;TItle&#8221; _builder_version=&#8221;3.4.1&#8243; background_layout=&#8221;dark&#8221; custom_padding=&#8221;40px|40px|40px|40px&#8221; text_text_shadow_vertical_length=&#8221;0.1em&#8221; text_text_shadow_blur_strength=&#8221;0.1em&#8221; header_text_shadow_vertical_length=&#8221;0.1em&#8221; header_text_shadow_blur_strength=&#8221;0.1em&#8221;]<\/p>\n<h1 class=\"titlesep\">Servicios Legales en China y Taiwan para Compa\u00f1\u00edas Multinacionales y PYMES<\/h1>\n<p>Somos asesores de confianza de una amplia gama de compa\u00f1\u00edas que nos ven como sus gu\u00edas y guardaespaldas en China y Taiwan, para proyectos de todos tipos y tama\u00f1os. Nuestro equipo est\u00e1 \u00edntimamente familiarizado con el ambiente comercial, legal y pol\u00edtico en China y Taiwan as\u00ed como en occidente, debido a d\u00e9cadas de experiencia asesorando en transacciones y operaciones transfronterizas. Nuestro objetivo es siempre desarrollar estrategias y soluciones pr\u00e1cticas y efectivas para afrontar los retos presentados por diferentes regiones donde nuestros clientes llevan a cabo sus operaciones.<\/p>\n<p>[\/et_pb_text][\/et_pb_column][\/et_pb_row][\/et_pb_section][et_pb_section bb_built=&#8221;1&#8243; fullwidth=&#8221;off&#8221; specialty=&#8221;off&#8221; _builder_version=&#8221;3.0.105&#8243; background_image=&#8221;https:\/\/www.pamirlaw.com\/wp-content\/uploads\/logo-bg.png&#8221; parallax=&#8221;on&#8221; parallax_method=&#8221;off&#8221; module_class=&#8221;topfeatures&#8221; next_background_color=&#8221;#efefef&#8221; prev_background_color=&#8221;#ffffff&#8221; inner_width=&#8221;auto&#8221; inner_max_width=&#8221;none&#8221;][et_pb_row _builder_version=&#8221;3.0.105&#8243; custom_margin=&#8221;||0px|&#8221; custom_padding=&#8221;||0px|&#8221; module_class=&#8221;audience-grid&#8221; width=&#8221;80%&#8221; max_width=&#8221;1080px&#8221;][et_pb_column type=&#8221;4_4&#8243;][et_pb_text admin_label=&#8221;Practice Areas&#8221; _builder_version=&#8221;3.4.1&#8243; background_layout=&#8221;light&#8221; text_orientation=&#8221;justified&#8221; animation_style=&#8221;fade&#8221;]<\/p>\n<h2 class=\"titlesep\">Areas de Practicamente<\/h2>\n<p>[\/et_pb_text][et_pb_text admin_label=&#8221;Links&#8221; _builder_version=&#8221;3.22.7&#8243; text_text_shadow_horizontal_length=&#8221;text_text_shadow_style,%91object Object%93&#8243; text_text_shadow_vertical_length=&#8221;text_text_shadow_style,%91object Object%93&#8243; text_text_shadow_blur_strength=&#8221;text_text_shadow_style,%91object Object%93&#8243; link_text_shadow_horizontal_length=&#8221;link_text_shadow_style,%91object Object%93&#8243; link_text_shadow_vertical_length=&#8221;link_text_shadow_style,%91object Object%93&#8243; link_text_shadow_blur_strength=&#8221;link_text_shadow_style,%91object Object%93&#8243; ul_text_shadow_horizontal_length=&#8221;ul_text_shadow_style,%91object Object%93&#8243; ul_text_shadow_vertical_length=&#8221;ul_text_shadow_style,%91object Object%93&#8243; ul_text_shadow_blur_strength=&#8221;ul_text_shadow_style,%91object Object%93&#8243; ol_text_shadow_horizontal_length=&#8221;ol_text_shadow_style,%91object Object%93&#8243; ol_text_shadow_vertical_length=&#8221;ol_text_shadow_style,%91object Object%93&#8243; ol_text_shadow_blur_strength=&#8221;ol_text_shadow_style,%91object Object%93&#8243; quote_text_shadow_horizontal_length=&#8221;quote_text_shadow_style,%91object Object%93&#8243; quote_text_shadow_vertical_length=&#8221;quote_text_shadow_style,%91object Object%93&#8243; quote_text_shadow_blur_strength=&#8221;quote_text_shadow_style,%91object Object%93&#8243; header_text_shadow_horizontal_length=&#8221;header_text_shadow_style,%91object Object%93&#8243; header_text_shadow_vertical_length=&#8221;header_text_shadow_style,%91object Object%93&#8243; header_text_shadow_blur_strength=&#8221;header_text_shadow_style,%91object Object%93&#8243; header_2_text_shadow_horizontal_length=&#8221;header_2_text_shadow_style,%91object Object%93&#8243; header_2_text_shadow_vertical_length=&#8221;header_2_text_shadow_style,%91object Object%93&#8243; header_2_text_shadow_blur_strength=&#8221;header_2_text_shadow_style,%91object Object%93&#8243; header_3_text_shadow_horizontal_length=&#8221;header_3_text_shadow_style,%91object Object%93&#8243; header_3_text_shadow_vertical_length=&#8221;header_3_text_shadow_style,%91object Object%93&#8243; header_3_text_shadow_blur_strength=&#8221;header_3_text_shadow_style,%91object Object%93&#8243; header_4_text_shadow_horizontal_length=&#8221;header_4_text_shadow_style,%91object Object%93&#8243; header_4_text_shadow_vertical_length=&#8221;header_4_text_shadow_style,%91object Object%93&#8243; header_4_text_shadow_blur_strength=&#8221;header_4_text_shadow_style,%91object Object%93&#8243; header_5_text_shadow_horizontal_length=&#8221;header_5_text_shadow_style,%91object Object%93&#8243; header_5_text_shadow_vertical_length=&#8221;header_5_text_shadow_style,%91object Object%93&#8243; header_5_text_shadow_blur_strength=&#8221;header_5_text_shadow_style,%91object Object%93&#8243; header_6_text_shadow_horizontal_length=&#8221;header_6_text_shadow_style,%91object Object%93&#8243; header_6_text_shadow_vertical_length=&#8221;header_6_text_shadow_style,%91object Object%93&#8243; header_6_text_shadow_blur_strength=&#8221;header_6_text_shadow_style,%91object Object%93&#8243; z_index_tablet=&#8221;500&#8243;]<\/p>\n<ul>\n<li><a href=\"https:\/\/www.pamirlaw.com\/es\/anticorrupcion-y-fcpa\/\">Anticorrupci\u00f3n y FCPA<\/a><\/li>\n<li><a href=\"\/?page_id=11088\">Antimonopolio<\/a><\/li>\n<li><a href=\"https:\/\/www.pamirlaw.com\/es\/arbitraje-y-mediacion\/\">Arbitraje y Mediaci\u00f3n<\/a><\/li>\n<li><a href=\"https:\/\/www.pamirlaw.com\/es\/contratos-comerciales\/\">Contratos Comerciales<\/a><\/li>\n<li><a href=\"https:\/\/www.pamirlaw.com\/es\/asesorias-para-inversiones-transfronterizas\/\">Inversiones Transfronterizas<\/a><\/li>\n<li><a href=\"\/?page_id=11109\">Relaciones Gubernamentales<\/a><\/li>\n<li><a title=\"Human Resource Management\" href=\"https:\/\/www.pamirlaw.com\/es\/derecho-laboral-recursos-humanos\/\">Derecho Laboral<\/a><\/li>\n<li><a href=\"\/?page_id=11133\">Propiedad Intelectual<\/a><\/li>\n<li><a href=\"https:\/\/www.pamirlaw.com\/es\/litigios\/\">Litigios<\/a><\/li>\n<li><a title=\"Corporate Formation\" href=\"https:\/\/www.pamirlaw.com\/practice-areas\/corporate-formation\/\">Corporate Formation<\/a><\/li>\n<li><a href=\"https:\/\/www.pamirlaw.com\/es\/fusiones-y-adquisiciones\/\">Fusiones y Adquisiciones<\/a><\/li>\n<li><a href=\"https:\/\/www.pamirlaw.com\/es\/capital-privado-y-capital-de-riesgo\/\">Capital Privado y Capital de Riesgo<\/a><\/li>\n<li><a href=\"https:\/\/www.pamirlaw.com\/es\/cumplimiento-regulatorio\/\">Cumplimiento Regulatorio<\/a><\/li>\n<li><a href=\"\/?page_id=11354\">Outsourcing<\/a><\/li>\n<\/ul>\n<p>[\/et_pb_text][\/et_pb_column][\/et_pb_row][et_pb_row _builder_version=&#8221;3.0.105&#8243; custom_margin=&#8221;||0px|&#8221; custom_padding=&#8221;||0px|&#8221; module_class=&#8221;audience-grid&#8221; width=&#8221;80%&#8221; max_width=&#8221;1080px&#8221;][et_pb_column type=&#8221;4_4&#8243;][et_pb_text admin_label=&#8221;Tailored Solutions&#8221; _builder_version=&#8221;3.0.105&#8243; background_layout=&#8221;light&#8221; text_orientation=&#8221;justified&#8221; animation_style=&#8221;fade&#8221;]<\/p>\n<h2 class=\"titlesep\">Soluciones a la Medida<\/h2>\n<p>[\/et_pb_text][et_pb_text admin_label=&#8221;Links&#8221; _builder_version=&#8221;3.22.7&#8243; text_text_shadow_horizontal_length=&#8221;text_text_shadow_style,%91object Object%93&#8243; text_text_shadow_vertical_length=&#8221;text_text_shadow_style,%91object Object%93&#8243; text_text_shadow_blur_strength=&#8221;text_text_shadow_style,%91object Object%93&#8243; link_text_shadow_horizontal_length=&#8221;link_text_shadow_style,%91object Object%93&#8243; link_text_shadow_vertical_length=&#8221;link_text_shadow_style,%91object Object%93&#8243; link_text_shadow_blur_strength=&#8221;link_text_shadow_style,%91object Object%93&#8243; ul_text_shadow_horizontal_length=&#8221;ul_text_shadow_style,%91object Object%93&#8243; ul_text_shadow_vertical_length=&#8221;ul_text_shadow_style,%91object Object%93&#8243; ul_text_shadow_blur_strength=&#8221;ul_text_shadow_style,%91object Object%93&#8243; ol_text_shadow_horizontal_length=&#8221;ol_text_shadow_style,%91object Object%93&#8243; ol_text_shadow_vertical_length=&#8221;ol_text_shadow_style,%91object Object%93&#8243; ol_text_shadow_blur_strength=&#8221;ol_text_shadow_style,%91object Object%93&#8243; quote_text_shadow_horizontal_length=&#8221;quote_text_shadow_style,%91object Object%93&#8243; quote_text_shadow_vertical_length=&#8221;quote_text_shadow_style,%91object Object%93&#8243; quote_text_shadow_blur_strength=&#8221;quote_text_shadow_style,%91object Object%93&#8243; header_text_shadow_horizontal_length=&#8221;header_text_shadow_style,%91object Object%93&#8243; header_text_shadow_vertical_length=&#8221;header_text_shadow_style,%91object Object%93&#8243; header_text_shadow_blur_strength=&#8221;header_text_shadow_style,%91object Object%93&#8243; header_2_text_shadow_horizontal_length=&#8221;header_2_text_shadow_style,%91object Object%93&#8243; header_2_text_shadow_vertical_length=&#8221;header_2_text_shadow_style,%91object Object%93&#8243; header_2_text_shadow_blur_strength=&#8221;header_2_text_shadow_style,%91object Object%93&#8243; header_3_text_shadow_horizontal_length=&#8221;header_3_text_shadow_style,%91object Object%93&#8243; header_3_text_shadow_vertical_length=&#8221;header_3_text_shadow_style,%91object Object%93&#8243; header_3_text_shadow_blur_strength=&#8221;header_3_text_shadow_style,%91object Object%93&#8243; header_4_text_shadow_horizontal_length=&#8221;header_4_text_shadow_style,%91object Object%93&#8243; header_4_text_shadow_vertical_length=&#8221;header_4_text_shadow_style,%91object Object%93&#8243; header_4_text_shadow_blur_strength=&#8221;header_4_text_shadow_style,%91object Object%93&#8243; header_5_text_shadow_horizontal_length=&#8221;header_5_text_shadow_style,%91object Object%93&#8243; header_5_text_shadow_vertical_length=&#8221;header_5_text_shadow_style,%91object Object%93&#8243; header_5_text_shadow_blur_strength=&#8221;header_5_text_shadow_style,%91object Object%93&#8243; header_6_text_shadow_horizontal_length=&#8221;header_6_text_shadow_style,%91object Object%93&#8243; header_6_text_shadow_vertical_length=&#8221;header_6_text_shadow_style,%91object Object%93&#8243; header_6_text_shadow_blur_strength=&#8221;header_6_text_shadow_style,%91object Object%93&#8243; z_index_tablet=&#8221;500&#8243;]<\/p>\n<ul>\n<li><a href=\"\/?page_id=11362\">Busquedas de Antecedentes e Investigaciones<\/a><\/li>\n<li><a href=\"https:\/\/www.pamirlaw.com\/es\/auditorias-legales\/\">Auditorias Legales<\/a><\/li>\n<li><a href=\"https:\/\/www.pamirlaw.com\/es\/informes-de-kyc-y-origen-de-fondos\/\">Informes de KYC y Origen de Fondos<\/a><\/li>\n<li><a href=\"\/?page_id=11440\">Asesor\u00eda de Entrada de Mercado<\/a><\/li>\n<li><a href=\"https:\/\/www.pamirlaw.com\/es\/identificacion-y-evaluacion-de-socios-comerciales\/\">Identificaci\u00f3n y Evaluaci\u00f3n de Socios Comerciales<\/a><\/li>\n<\/ul>\n<p>[\/et_pb_text][\/et_pb_column][\/et_pb_row][\/et_pb_section][et_pb_section bb_built=&#8221;1&#8243; fullwidth=&#8221;off&#8221; specialty=&#8221;off&#8221; _builder_version=&#8221;3.0.93&#8243; background_color=&#8221;#efefef&#8221; custom_margin=&#8221;0px|0px|0px|0px&#8221; custom_padding=&#8221;0px|0px|0px|0px&#8221; prev_background_color=&#8221;#ffffff&#8221; inner_width=&#8221;auto&#8221; inner_max_width=&#8221;none&#8221;][et_pb_row _builder_version=&#8221;3.0.93&#8243; bg_img_1=&#8221;https:\/\/www.pamirlaw.com\/wp-content\/uploads\/contact-us.jpg&#8221; background_color_2=&#8221;#efefef&#8221; make_fullwidth=&#8221;on&#8221; use_custom_gutter=&#8221;on&#8221; gutter_width=&#8221;1&#8243; make_equal=&#8221;on&#8221; custom_padding=&#8221;0px|0px|0px|0px&#8221; module_class=&#8221; et_pb_row_fullwidth et_pb_row_fullwidth et_pb_row_fullwidth et_pb_row_fullwidth&#8221; width=&#8221;100%&#8221; width_tablet=&#8221;100%&#8221; width_last_edited=&#8221;on|desktop&#8221; max_width=&#8221;100%&#8221; max_width_tablet=&#8221;100%&#8221; max_width_last_edited=&#8221;on|desktop&#8221;][et_pb_column type=&#8221;1_3&#8243;][\/et_pb_column][et_pb_column type=&#8221;2_3&#8243;][et_pb_contact_form _builder_version=&#8221;3.0.93&#8243; title=&#8221;Quiero programar una sesi\u00f3n de consulta&#8221; success_message=&#8221;Su mensaje ha sido enviado&#8221; submit_button_text=&#8221;Enviar&#8221; email=&#8221;info@pamirlaw.com&#8221; captcha=&#8221;off&#8221; use_redirect=&#8221;off&#8221; custom_button=&#8221;off&#8221; button_icon_placement=&#8221;right&#8221; form_background_color=&#8221;#ffffff&#8221; custom_padding=&#8221;40px|40px|40px|40px&#8221;][et_pb_contact_field field_title=&#8221;Nombre&#8221; field_type=&#8221;input&#8221; field_id=&#8221;Name&#8221; required_mark=&#8221;on&#8221; fullwidth_field=&#8221;off&#8221; _builder_version=&#8221;3.0.93&#8243; \/][et_pb_contact_field field_title=&#8221;Correo Electr\u00f3nico&#8221; field_type=&#8221;email&#8221; field_id=&#8221;Email&#8221; required_mark=&#8221;on&#8221; fullwidth_field=&#8221;off&#8221; _builder_version=&#8221;3.0.93&#8243; \/][et_pb_contact_field field_title=&#8221;T\u00edtulo profesional&#8221; field_type=&#8221;input&#8221; field_id=&#8221;jobtitle&#8221; required_mark=&#8221;on&#8221; fullwidth_field=&#8221;off&#8221; _builder_version=&#8221;3.0.93&#8243; checkbox_checked=&#8221;off&#8221; checkbox_options=&#8221;%91{%22value%22:%22Correo Electr\u00f3nico%22,%22checked%22:0}%93&#8243; radio_options=&#8221;%91{%22value%22:%22Correo Electr\u00f3nico%22,%22checked%22:0}%93&#8243; select_options=&#8221;%91{%22value%22:%22Correo Electr\u00f3nico%22,%22checked%22:0}%93&#8243; min_length=&#8221;0&#8243; max_length=&#8221;0&#8243; allowed_symbols=&#8221;all&#8221; conditional_logic=&#8221;off&#8221; conditional_logic_relation=&#8221;off&#8221; conditional_logic_rules=&#8221;%91{%22field%22:%22name%22,%22condition%22:%22is%22,%22value%22:%22%22}%93&#8243; use_background_color_gradient=&#8221;off&#8221; background_color_gradient_start=&#8221;#2b87da&#8221; background_color_gradient_end=&#8221;#29c4a9&#8243; background_color_gradient_type=&#8221;linear&#8221; background_color_gradient_direction=&#8221;180deg&#8221; background_color_gradient_direction_radial=&#8221;center&#8221; background_color_gradient_start_position=&#8221;0%&#8221; background_color_gradient_end_position=&#8221;100%&#8221; background_color_gradient_overlays_image=&#8221;off&#8221; parallax=&#8221;off&#8221; parallax_method=&#8221;on&#8221; background_size=&#8221;cover&#8221; background_position=&#8221;center&#8221; background_repeat=&#8221;no-repeat&#8221; background_blend=&#8221;normal&#8221; allow_player_pause=&#8221;off&#8221; \/][et_pb_contact_field field_title=&#8221;Asunto&#8221; field_type=&#8221;input&#8221; field_id=&#8221;Subject&#8221; required_mark=&#8221;on&#8221; fullwidth_field=&#8221;off&#8221; _builder_version=&#8221;3.0.93&#8243; checkbox_checked=&#8221;off&#8221; checkbox_options=&#8221;%91{%22value%22:%22Correo Electr\u00f3nico%22,%22checked%22:0}%93&#8243; radio_options=&#8221;%91{%22value%22:%22Correo Electr\u00f3nico%22,%22checked%22:0}%93&#8243; select_options=&#8221;%91{%22value%22:%22Correo Electr\u00f3nico%22,%22checked%22:0}%93&#8243; min_length=&#8221;0&#8243; max_length=&#8221;0&#8243; allowed_symbols=&#8221;all&#8221; conditional_logic=&#8221;off&#8221; conditional_logic_relation=&#8221;off&#8221; conditional_logic_rules=&#8221;%91{%22field%22:%22name%22,%22condition%22:%22is%22,%22value%22:%22%22}%93&#8243; use_background_color_gradient=&#8221;off&#8221; background_color_gradient_start=&#8221;#2b87da&#8221; background_color_gradient_end=&#8221;#29c4a9&#8243; background_color_gradient_type=&#8221;linear&#8221; background_color_gradient_direction=&#8221;180deg&#8221; background_color_gradient_direction_radial=&#8221;center&#8221; background_color_gradient_start_position=&#8221;0%&#8221; background_color_gradient_end_position=&#8221;100%&#8221; background_color_gradient_overlays_image=&#8221;off&#8221; parallax=&#8221;off&#8221; parallax_method=&#8221;on&#8221; background_size=&#8221;cover&#8221; background_position=&#8221;center&#8221; background_repeat=&#8221;no-repeat&#8221; background_blend=&#8221;normal&#8221; allow_player_pause=&#8221;off&#8221; \/][et_pb_contact_field field_title=&#8221;Mensaje&#8221; field_type=&#8221;text&#8221; field_id=&#8221;Message&#8221; required_mark=&#8221;on&#8221; fullwidth_field=&#8221;on&#8221; _builder_version=&#8221;3.0.93&#8243; checkbox_checked=&#8221;off&#8221; checkbox_options=&#8221;%91{%22value%22:%22Mensaje%22,%22checked%22:0}%93&#8243; radio_options=&#8221;%91{%22value%22:%22Mensaje%22,%22checked%22:0}%93&#8243; select_options=&#8221;%91{%22value%22:%22Mensaje%22,%22checked%22:0}%93&#8243; min_length=&#8221;0&#8243; max_length=&#8221;0&#8243; allowed_symbols=&#8221;all&#8221; conditional_logic=&#8221;off&#8221; conditional_logic_relation=&#8221;off&#8221; conditional_logic_rules=&#8221;%91{%22field%22:%22name%22,%22condition%22:%22is%22,%22value%22:%22%22}%93&#8243; use_background_color_gradient=&#8221;off&#8221; background_color_gradient_start=&#8221;#2b87da&#8221; background_color_gradient_end=&#8221;#29c4a9&#8243; background_color_gradient_type=&#8221;linear&#8221; background_color_gradient_direction=&#8221;180deg&#8221; background_color_gradient_direction_radial=&#8221;center&#8221; background_color_gradient_start_position=&#8221;0%&#8221; background_color_gradient_end_position=&#8221;100%&#8221; background_color_gradient_overlays_image=&#8221;off&#8221; parallax=&#8221;off&#8221; parallax_method=&#8221;on&#8221; background_size=&#8221;cover&#8221; background_position=&#8221;center&#8221; background_repeat=&#8221;no-repeat&#8221; background_blend=&#8221;normal&#8221; allow_player_pause=&#8221;off&#8221; \/][\/et_pb_contact_form][\/et_pb_column][\/et_pb_row][\/et_pb_section]<\/p>\n","protected":false},"excerpt":{"rendered":"<p>Servicios Legales en China y Taiwan para Compa\u00f1\u00edas Multinacionales y PYMES Somos asesores de confianza de una amplia gama de compa\u00f1\u00edas que nos ven como sus gu\u00edas y guardaespaldas en China y Taiwan, para proyectos de todos tipos y tama\u00f1os. Nuestro equipo est\u00e1 \u00edntimamente familiarizado con el ambiente comercial, legal y pol\u00edtico en China y [&hellip;]<\/p>\n","protected":false},"author":2,"featured_media":0,"parent":0,"menu_order":0,"comment_status":"closed","ping_status":"closed","template":"","meta":{"_et_pb_use_builder":"on","_et_pb_old_content":"","_et_gb_content_width":"","om_disable_all_campaigns":false,"_monsterinsights_skip_tracking":false,"_monsterinsights_sitenote_active":false,"_monsterinsights_sitenote_note":"","_monsterinsights_sitenote_category":0},"aioseo_notices":[],"_links":{"self":[{"href":"https:\/\/www.pamirlaw.com\/es\/wp-json\/wp\/v2\/pages\/13189"}],"collection":[{"href":"https:\/\/www.pamirlaw.com\/es\/wp-json\/wp\/v2\/pages"}],"about":[{"href":"https:\/\/www.pamirlaw.com\/es\/wp-json\/wp\/v2\/types\/page"}],"author":[{"embeddable":true,"href":"https:\/\/www.pamirlaw.com\/es\/wp-json\/wp\/v2\/users\/2"}],"replies":[{"embeddable":true,"href":"https:\/\/www.pamirlaw.com\/es\/wp-json\/wp\/v2\/comments?post=13189"}],"version-history":[{"count":7,"href":"https:\/\/www.pamirlaw.com\/es\/wp-json\/wp\/v2\/pages\/13189\/revisions"}],"predecessor-version":[{"id":13220,"href":"https:\/\/www.pamirlaw.com\/es\/wp-json\/wp\/v2\/pages\/13189\/revisions\/13220"}],"wp:attachment":[{"href":"https:\/\/www.pamirlaw.com\/es\/wp-json\/wp\/v2\/media?parent=13189"}],"curies":[{"name":"wp","href":"https:\/\/api.w.org\/{rel}","templated":true}]}}